{"id":2089,"date":"2019-03-24T16:59:18","date_gmt":"2019-03-24T15:59:18","guid":{"rendered":"http:\/\/evolution2paysbasque.com\/?page_id=2089"},"modified":"2024-06-12T14:17:12","modified_gmt":"2024-06-12T12:17:12","slug":"bienvenida","status":"publish","type":"page","link":"https:\/\/evolution2paysbasque.com\/es\/","title":{"rendered":"Bienvenida"},"content":{"rendered":"<div class=\"wpb-content-wrapper\"><p>[vc_row css_animation=\u00bb\u00bb row_type=\u00bbrow\u00bb use_row_as_full_screen_section=\u00bbno\u00bb type=\u00bbfull_width\u00bb angled_section=\u00bbno\u00bb text_align=\u00bbleft\u00bb background_image_as_pattern=\u00bbwithout_pattern\u00bb][vc_column][vc_column_text][\/vc_column_text][\/vc_column][\/vc_row][vc_row css_animation=\u00bb\u00bb row_type=\u00bbrow\u00bb use_row_as_full_screen_section=\u00bbno\u00bb type=\u00bbfull_width\u00bb angled_section=\u00bbno\u00bb text_align=\u00bbleft\u00bb background_image_as_pattern=\u00bbwithout_pattern\u00bb z_index=\u00bb998&#8243;][vc_column][rev_slider_vc alias=\u00bbbienvenida\u00bb][\/vc_column][\/vc_row][vc_row css_animation=\u00bb\u00bb row_type=\u00bbrow\u00bb use_row_as_full_screen_section=\u00bbno\u00bb type=\u00bbfull_width\u00bb angled_section=\u00bbno\u00bb text_align=\u00bbleft\u00bb background_image_as_pattern=\u00bbwithout_pattern\u00bb][vc_column][vc_column_text][\/vc_column_text][\/vc_column][\/vc_row][vc_row css_animation=\u00bb\u00bb row_type=\u00bbrow\u00bb use_row_as_full_screen_section=\u00bbno\u00bb type=\u00bbgrid\u00bb angled_section=\u00bbno\u00bb text_align=\u00bbcenter\u00bb background_image_as_pattern=\u00bbwithout_pattern\u00bb z_index=\u00bb999&#8243; css=\u00bb.vc_custom_1545501519117{background-position: center !important;background-repeat: no-repeat !important;background-size: cover !important;}\u00bb][vc_column css=\u00bb.vc_custom_1523968190149{margin-top: -65px !important;}\u00bb][qode_elements_holder number_of_columns=\u00bbone_column\u00bb][qode_elements_holder_item advanced_animations=\u00bbno\u00bb item_padding=\u00bb0 0 0 0&#8243;]<div class=\"qode-tours-filter-holder qode-tours-filter-horizontal qode-tours-filter-skin-light qode-tours-filter-with-shadow\">\n\t\t\t\n\t\t\t\t\n\t\t<div class=\"qode-tours-search-horizontal-filters-holder\">\n\t\t\t<form action=\"https:\/\/evolution2paysbasque.com\/es\/tour-item\/\" method=\"GET\">\n\t\t\t\t<div class=\"qode-tours-filters-fields-holder\">\n\t\t\t\t\t<div class=\"qode-tours-filter-field-holder qode-tours-filter-col\">\n\t\t\t\t\t\t<div class=\"qode-tours-input-with-icon\">\n\t\t\t\t\t\t\t<span class=\"qode-tours-input-icon\">\n\t\t\t\t\t\t\t\t<span class=\"dripicons-location\"><\/span>\n\t\t\t\t\t\t\t<\/span>\n\t\t\t\t\t\t\t<input type=\"text\" value=\"\" class=\"qode-tours-destination-search\" name=\"destination\" placeholder=\"Where to?\">\n\t\t\t\t\t\t<\/div>\n\t\t\t\t\t<\/div>\n\t\t\t\t\t\n\t\t\t\t\t<div class=\"qode-tours-filter-field-holder qode-tours-filter-col\">\n\t\t\t\t\t\t<div class=\"qode-tours-input-with-icon\">\n\t\t\t\t\t\t\t<span class=\"qode-tours-input-icon\">\n\t\t\t\t\t\t\t\t<span class=\"dripicons-calendar\"><\/span>\n\t\t\t\t\t\t\t<\/span>\n\t\t\t\t\t\t\t<select class=\"qode-tours-select-placeholder\" name=\"month\">\n\t\t\t\t\t\t\t\t<option value=\"\">Month<\/option>\n\t\t\t\t\t\t\t\t<option value=\"1\">January<\/option>\n\t\t\t\t\t\t\t\t<option value=\"2\">February<\/option>\n\t\t\t\t\t\t\t\t<option value=\"3\">March<\/option>\n\t\t\t\t\t\t\t\t<option value=\"4\">April<\/option>\n\t\t\t\t\t\t\t\t<option value=\"5\">May<\/option>\n\t\t\t\t\t\t\t\t<option value=\"6\">June<\/option>\n\t\t\t\t\t\t\t\t<option value=\"7\">July<\/option>\n\t\t\t\t\t\t\t\t<option value=\"8\">August<\/option>\n\t\t\t\t\t\t\t\t<option value=\"9\">September<\/option>\n\t\t\t\t\t\t\t\t<option value=\"10\">October<\/option>\n\t\t\t\t\t\t\t\t<option value=\"11\">November<\/option>\n\t\t\t\t\t\t\t\t<option value=\"12\">December<\/option>\n\t\t\t\t\t\t\t<\/select>\n\t\t\t\t\t\t<\/div>\n\t\t\t\t\t<\/div>\n\t\t\t\t\t\n\t\t\t\t\t<div class=\"qode-tours-filter-field-holder qode-tours-filter-col\">\n\t\t\t\t\t\t<div class=\"qode-tours-input-with-icon\">\n\t\t\t\t\t\t\t<span class=\"qode-tours-input-icon\">\n\t\t\t\t\t\t\t\t<span class=\"dripicons-pin\"><\/span>\n\t\t\t\t\t\t\t<\/span>\n\t\t\t\t\t\t\t<select class=\"qode-tours-select-placeholder\" name=\"type[]\">\n\t\t\t\t\t\t\t\t<option value=\"\">Travel Type<\/option>\n\t\t\t\t\t\t\t\t\t\t\t\t\t\t\t\t\t\t\t\t\t\t\t\t\t\t\t<option value=\"naturaleza\">Naturaleza<\/option>\n\t\t\t\t\t\t\t\t\t\t\t\t\t\t\t\t\t\t\t\t\t\t\t\t<\/select>\n\t\t\t\t\t\t<\/div>\n\t\t\t\t\t<\/div>\n\n\t\t\t\t\t<div class=\"qode-tours-filter-field-holder qode-tours-filter-submit-field-holder qode-tours-filter-col\">\n\t\t\t\t\t\t\t\t\t\t\t\t\t<button type=\"submit\"   class=\"qbutton  default\" style=\"\">FIND NOW<\/button>\t\t\t\t\t\t\t\t\t\t\t<\/div>\n\t\t\t\t\t\n\t\t\t\t\t\t\t\t\t\t\t\t\t\t\t\t\t<input type=\"hidden\" name=\"lang\" value=\"es\">\n\t\t\t\t\t\t\t\t\t<\/div>\n\t\t\t<\/form>\n\t\t<\/div>\n\n\t\t\n\t<\/div>[\/qode_elements_holder_item][\/qode_elements_holder][\/vc_column][\/vc_row][vc_row css_animation=\u00bb\u00bb row_type=\u00bbrow\u00bb use_row_as_full_screen_section=\u00bbno\u00bb type=\u00bbfull_width\u00bb angled_section=\u00bbno\u00bb text_align=\u00bbleft\u00bb background_image_as_pattern=\u00bbwithout_pattern\u00bb][vc_column][vc_empty_space height=\u00bb80px\u00bb][vc_column_text]<\/p>\n<h2 style=\"text-align: center; font-size: 3vmax;\"><strong><span style=\"color: #ff0000;\">\u00a1Profesionales y Apasionados!<\/span><\/strong><\/h2>\n<p>&nbsp;<\/p>\n<p>[\/vc_column_text][vc_empty_space height=\u00bb40px\u00bb][vc_column_text css=\u00bb.vc_custom_1612461928608{padding-right: 10% !important;padding-left: 10% !important;}\u00bb]<\/p>\n<div style=\"text-align: center; font-size: 2.5vmax; line-height: 2.5vmax;\"><span style=\"color: #ff0000;\">Especialistas <\/span>de los deportes y de los pasatiempos al aire libre, les ofrecemos el <span style=\"color: #ff0000;\">Pa\u00eds Vasco<\/span> y el oc\u00e9ano como\u00a0<span style=\"color: #ff0000;\">\u00e1rea de juegos.<\/span><\/div>\n<div><\/div>\n<div style=\"text-align: center; font-size: 2.5vmax; line-height: 2.5vmax;\">Comparte nuestra experiencia 100% natural.<\/div>\n<p>&nbsp;<\/p>\n<p>[\/vc_column_text][vc_empty_space height=\u00bb40px\u00bb][vc_column_text]<\/p>\n<div style=\"text-align: center; font-size: 2.5vmax;\"><span style=\"color: #ff0000;\">\u00a1Vive tus aventuras!<\/span><\/div>\n<p>&nbsp;<\/p>\n<p>[\/vc_column_text][\/vc_column][\/vc_row][vc_row css_animation=\u00bb\u00bb row_type=\u00bbrow\u00bb use_row_as_full_screen_section=\u00bbno\u00bb type=\u00bbgrid\u00bb angled_section=\u00bbno\u00bb text_align=\u00bbleft\u00bb background_image_as_pattern=\u00bbwithout_pattern\u00bb padding_top=\u00bb144&#8243; padding_bottom=\u00bb59&#8243; css=\u00bb.vc_custom_1612513386103{background-position: center !important;background-repeat: no-repeat !important;background-size: contain !important;}\u00bb z_index=\u00bb\u00bb][vc_column offset=\u00bbvc_hidden-sm\u00bb][vc_column_text]<\/p>\n<h2 style=\"font-size: 5vw; text-align: center; line-height: 1.25em;\"><span style=\"color: #515151;\"><strong>Nuestras Aventuras<\/strong><\/span><\/h2>\n<p>&nbsp;<\/p>\n<p>[\/vc_column_text][vc_empty_space height=\u00bb20px\u00bb][vc_row_inner row_type=\u00bbrow\u00bb type=\u00bbfull_width\u00bb text_align=\u00bbleft\u00bb css_animation=\u00bb\u00bb][vc_column_inner width=\u00bb1\/3&#8243;][vc_hoverbox image=\u00bb1947&#8243; primary_title=\u00bbNaturaleza\u00bb primary_title_font_container=\u00bbcolor:%23ffffff\u00bb primary_title_use_theme_fonts=\u00bbyes\u00bb primary_title_css_animation=\u00bbnone\u00bb hover_title=\u00bbNaturaleza\u00bb hover_title_font_container=\u00bbcolor:%23ffffff\u00bb hover_title_use_theme_fonts=\u00bbyes\u00bb hover_background_color=\u00bbgreen\u00bb primary_title_link=\u00bburl:http%3A%2F%2Fevolution2paysbasque.com%2Fpage-nature%2F|\u00bb el_class=\u00bbfont-title-hover decalage-title-hover\u00bb hover_title_link=\u00bburl:http%3A%2F%2Fevolution2paysbasque.com%2Ftour-item%2F%3Ftype%255B%255D%3Dnature|\u00bb]<\/p>\n<ul style=\"list-style-type: none; text-align: left;\">\n<li>\n<div class=\"hover-accueil\"><a title=\"Arborismo Anglet Chiberta\" href=\"\/es\/actividades\/naturaleza\/arborismo-anglet-chiberta.html\"><span style=\"width: 100%;\" data-width=\"100\"><strong>Arborismo<br \/>\n<span class=\"menu-ville-block\">Anglet<\/span><\/strong><\/span><\/a><\/div>\n<\/li>\n<li>\n<div class=\"hover-accueil\"><a href=\"\/es\/actividades\/naturaleza\/torre-escalada.html\"><span style=\"width: 100%;\" data-width=\"100\"><strong>Torre de Escalada<br \/>\n<span class=\"menu-ville-block\">Anglet<\/span><\/strong><\/span><\/a><\/div>\n<\/li>\n<li>\n<div class=\"hover-accueil\"><a title=\"Bicicleta y Btt\" href=\"\/es\/actividades\/naturaleza\/bicicleta-y-btt.html\"><span style=\"width: 100%;\" data-width=\"100\"><strong>Bicicleta y Btt<br \/>\n<span class=\"menu-ville-block\">Anglet<\/span><\/strong><\/span><\/a><\/div>\n<\/li>\n<li>\n<div class=\"hover-accueil\"><a title=\"Tirolina Park St P\u00e9e sur Nivelle\" href=\"\/es\/actividades\/naturaleza\/tirolina-park-st-pee-sur-nivelle.html\"><span style=\"width: 100%;\" data-width=\"100\"><strong>Tirolina Park<br \/>\n<span class=\"menu-ville-block\">St P\u00e9e sur Nivelle<\/span><\/strong><\/span><\/a><\/div>\n<\/li>\n<li>\n<div class=\"hover-accueil\"><a title=\"Tirolina Gigante\" href=\"\/es\/actividades\/naturaleza\/tiroles-gigante.html\"><span style=\"width: 100%;\" data-width=\"100\"><strong>Tirolina Gigante<br \/>\n<span class=\"menu-ville-block\">St P\u00e9e Sur Nivelle<\/span><\/strong><\/span><\/a><\/div>\n<\/li>\n<\/ul>\n<p>&nbsp;<\/p>\n<p>[\/vc_hoverbox][\/vc_column_inner][vc_column_inner width=\u00bb2\/3&#8243;][vc_video link=\u00bbhttps:\/\/www.youtube.com\/watch?v=tR_bsahXRxw\u00bb][\/vc_column_inner][\/vc_row_inner][\/vc_column][\/vc_row][vc_row css_animation=\u00bb\u00bb row_type=\u00bbrow\u00bb use_row_as_full_screen_section=\u00bbno\u00bb type=\u00bbgrid\u00bb angled_section=\u00bbno\u00bb text_align=\u00bbleft\u00bb background_image_as_pattern=\u00bbwithout_pattern\u00bb padding_top=\u00bb144&#8243; padding_bottom=\u00bb59&#8243; css=\u00bb.vc_custom_1612513396971{margin-bottom: 100px !important;background-position: center !important;background-repeat: no-repeat !important;background-size: cover !important;}\u00bb z_index=\u00bb\u00bb][vc_column][vc_column_text]<\/p>\n<h2 style=\"font-size: 5vw; text-align: center; line-height: 1.25em;\"><span style=\"color: #515151;\"><strong>Vuestros Eventos<\/strong><\/span><\/h2>\n<p>&nbsp;<\/p>\n<p>[\/vc_column_text][vc_empty_space height=\u00bb20px\u00bb][vc_row_inner row_type=\u00bbrow\u00bb type=\u00bbfull_width\u00bb text_align=\u00bbleft\u00bb css_animation=\u00bb\u00bb][vc_column_inner width=\u00bb1\/2&#8243;][vc_hoverbox image=\u00bb2013&#8243; primary_title=\u00bbSeminarios &amp; Team-Building\u00bb primary_title_font_container=\u00bbcolor:%23ffffff\u00bb primary_title_use_theme_fonts=\u00bbyes\u00bb primary_title_css_animation=\u00bbnone\u00bb hover_title=\u00bbSeminarios &amp; Team-Building\u00bb hover_title_font_container=\u00bbcolor:%23ffffff\u00bb hover_title_use_theme_fonts=\u00bbyes\u00bb hover_background_color=\u00bbcustom\u00bb primary_title_link=\u00bburl:%2Ftour-item%2F%3Ftype%255B%255D%3Dnature|\u00bb el_class=\u00bbfont-title-hover2&#8243; hover_custom_background=\u00bb#5d4037&#8243;]<\/p>\n<h4 style=\"text-align: center; color: #fff;\">PROFESIONALES DE AVENTURA AL SERVICIO DE TURISMO DE NEGOCIOS.<\/h4>\n<p style=\"text-align: justify; color: #fff;\">Incentivos, formaci\u00f3n de equipos, desaf\u00edos de actividades m\u00faltiples, actividades a la carta, programas a medida, filmaciones, redadas, reuniones &#8230; Durante 15 a\u00f1os hemos estado ofreciendo soluciones adaptadas a las necesidades de nuestros clientes.<\/p>\n<p>&nbsp;<\/p>\n<p style=\"text-align: center;\"><a class=\"qbutton center default\" href=\"\/es\/actividades\/seminarios\/organizacion-de-seminarios-y-team-building.html\" target=\"_self\" rel=\"noopener noreferrer\">Leer m\u00e1s<\/a><\/p>\n<p>&nbsp;<\/p>\n<p>[\/vc_hoverbox][\/vc_column_inner][vc_column_inner width=\u00bb1\/2&#8243;][vc_hoverbox image=\u00bb1928&#8243; primary_title=\u00bbGrupos\u00bb primary_title_font_container=\u00bbcolor:%23ffffff\u00bb primary_title_use_theme_fonts=\u00bbyes\u00bb primary_title_css_animation=\u00bbnone\u00bb hover_title=\u00bbGrupos\u00bb hover_title_font_container=\u00bbcolor:%23ffffff\u00bb hover_title_use_theme_fonts=\u00bbyes\u00bb hover_background_color=\u00bbcustom\u00bb primary_title_link=\u00bburl:%2Ftour-item%2F%3Ftype%255B%255D%3Dnature|\u00bb primary_title_el_class=\u00bbmenu-accueil\u00bb hover_title_el_class=\u00bbmenu-hover-accueil\u00bb el_class=\u00bbfont-title-hover2&#8243; hover_custom_background=\u00bb#00796b\u00bb]<\/p>\n<ul style=\"list-style-type: none; text-align: left;\">\n<li>\n<div class=\"hover-accueil\"><a title=\"Despedida de Soltera \/ Soltero\" href=\"\/es\/grupos-y-eventos\/grupos\/despedida-de-soltera-soltero\/\"><span style=\"width: 100%;\" data-width=\"100\"><strong>Despedida de Soltera \/ Soltero<\/strong><\/span><\/a><\/div>\n<\/li>\n<li>\n<div class=\"hover-accueil\"><a title=\"Cumplea\u00f1os\" href=\"\/es\/grupos-y-eventos\/grupos\/cumpleanos\/\"><span style=\"width: 100%;\" data-width=\"100\"><strong>Cumplea\u00f1os<\/strong><\/span><\/a><\/div>\n<\/li>\n<li>\n<div class=\"hover-accueil\"><a title=\"Comit\u00e9 de Empresa\" href=\"\/es\/grupos-y-eventos\/grupos\/comite-de-empresa\/\"><span style=\"width: 100%;\" data-width=\"100\"><strong>Comit\u00e9 de Empresa<\/strong><\/span><\/a><\/div>\n<\/li>\n<li>\n<div class=\"hover-accueil\"><a title=\"Clubs Deportivos y Salidas Escolares\" href=\"\/es\/grupos-y-eventos\/grupos\/clubs-deportivos-y-salidas-escolares\/\"><span style=\"width: 100%;\" data-width=\"100\"><strong>Clubs Deportivos y Salidas Escolares<\/strong><\/span><\/a><\/div>\n<\/li>\n<li>\n<div class=\"hover-accueil\"><a title=\"Centro de Vacaiones\" href=\"\/es\/grupos-y-eventos\/grupos\/centro-de-vacaciones\/\"><span style=\"width: 100%;\" data-width=\"100\"><strong>Centro de Vacaiones<\/strong><\/span><\/a><\/div>\n<\/li>\n<\/ul>\n<p>&nbsp;<\/p>\n<p>[\/vc_hoverbox][\/vc_column_inner][\/vc_row_inner][\/vc_column][\/vc_row][vc_row css_animation=\u00bb\u00bb row_type=\u00bbrow\u00bb use_row_as_full_screen_section=\u00bbno\u00bb type=\u00bbfull_width\u00bb angled_section=\u00bbno\u00bb text_align=\u00bbleft\u00bb background_image_as_pattern=\u00bbwithout_pattern\u00bb][vc_column][vc_empty_space height=\u00bb50px\u00bb][\/vc_column][\/vc_row]<\/p>\n<\/div>","protected":false},"excerpt":{"rendered":"<p>[vc_row css_animation=\u00bb\u00bb row_type=\u00bbrow\u00bb use_row_as_full_screen_section=\u00bbno\u00bb type=\u00bbfull_width\u00bb angled_section=\u00bbno\u00bb text_align=\u00bbleft\u00bb background_image_as_pattern=\u00bbwithout_pattern\u00bb][vc_column][vc_column_text][\/vc_column_text][\/vc_column][\/vc_row][vc_row css_animation=\u00bb\u00bb row_type=\u00bbrow\u00bb use_row_as_full_screen_section=\u00bbno\u00bb type=\u00bbfull_width\u00bb angled_section=\u00bbno\u00bb text_align=\u00bbleft\u00bb background_image_as_pattern=\u00bbwithout_pattern\u00bb z_index=\u00bb998&#8243;][vc_column][rev_slider_vc alias=\u00bbbienvenida\u00bb][\/vc_column][\/vc_row][vc_row css_animation=\u00bb\u00bb row_type=\u00bbrow\u00bb use_row_as_full_screen_section=\u00bbno\u00bb type=\u00bbfull_width\u00bb angled_section=\u00bbno\u00bb text_align=\u00bbleft\u00bb background_image_as_pattern=\u00bbwithout_pattern\u00bb][vc_column][vc_column_text][\/vc_column_text][\/vc_column][\/vc_row][vc_row css_animation=\u00bb\u00bb row_type=\u00bbrow\u00bb use_row_as_full_screen_section=\u00bbno\u00bb type=\u00bbgrid\u00bb angled_section=\u00bbno\u00bb text_align=\u00bbcenter\u00bb background_image_as_pattern=\u00bbwithout_pattern\u00bb z_index=\u00bb999&#8243; css=\u00bb.vc_custom_1545501519117{background-position: center !important;background-repeat: no-repeat !important;background-size: cover !important;}\u00bb][vc_column css=\u00bb.vc_custom_1523968190149{margin-top: -65px !important;}\u00bb][qode_elements_holder number_of_columns=\u00bbone_column\u00bb][qode_elements_holder_item advanced_animations=\u00bbno\u00bb item_padding=\u00bb0&#8230;<\/p>\n","protected":false},"author":1,"featured_media":0,"parent":0,"menu_order":0,"comment_status":"closed","ping_status":"closed","template":"full_width.php","meta":{"footnotes":""},"class_list":["post-2089","page","type-page","status-publish","hentry"],"yoast_head":"<!-- This site is optimized with the Yoast SEO plugin v27.2 - https:\/\/yoast.com\/product\/yoast-seo-wordpress\/ -->\n<title>Bienvenida - Activit\u00e9s et Sports Outdoor au Pays Basque<\/title>\n<meta name=\"description\" content=\"\u00a1Profesionales y Apasionados! &nbsp; Especialistas de los deportes y de los pasatiempos al aire libre, les ofrecemos el Pa\u00eds Vasco y el oc\u00e9ano como\u00a0\u00e1rea\" \/>\n<meta name=\"robots\" content=\"index, follow, max-snippet:-1, max-image-preview:large, max-video-preview:-1\" \/>\n<link rel=\"canonical\" href=\"https:\/\/evolution2paysbasque.com\/es\/\" \/>\n<meta property=\"og:locale\" content=\"es_ES\" \/>\n<meta property=\"og:type\" content=\"article\" \/>\n<meta property=\"og:title\" content=\"Bienvenida - Activit\u00e9s et Sports Outdoor au Pays Basque\" \/>\n<meta property=\"og:description\" content=\"\u00a1Profesionales y Apasionados! &nbsp; Especialistas de los deportes y de los pasatiempos al aire libre, les ofrecemos el Pa\u00eds Vasco y el oc\u00e9ano como\u00a0\u00e1rea\" \/>\n<meta property=\"og:url\" content=\"https:\/\/evolution2paysbasque.com\/es\/\" \/>\n<meta property=\"og:site_name\" content=\"Activit\u00e9s et Sports Outdoor au Pays Basque\" \/>\n<meta property=\"article:modified_time\" content=\"2024-06-12T12:17:12+00:00\" \/>\n<meta name=\"twitter:card\" content=\"summary_large_image\" \/>\n<meta name=\"twitter:label1\" content=\"Tiempo de lectura\" \/>\n\t<meta name=\"twitter:data1\" content=\"2 minutos\" \/>\n<script type=\"application\/ld+json\" class=\"yoast-schema-graph\">{\"@context\":\"https:\/\/schema.org\",\"@graph\":[{\"@type\":\"WebPage\",\"@id\":\"https:\/\/evolution2paysbasque.com\/es\/\",\"url\":\"https:\/\/evolution2paysbasque.com\/es\/\",\"name\":\"Bienvenida - Activit\u00e9s et Sports Outdoor au Pays Basque\",\"isPartOf\":{\"@id\":\"https:\/\/evolution2paysbasque.com\/#website\"},\"datePublished\":\"2019-03-24T15:59:18+00:00\",\"dateModified\":\"2024-06-12T12:17:12+00:00\",\"description\":\"\u00a1Profesionales y Apasionados! &nbsp; Especialistas de los deportes y de los pasatiempos al aire libre, les ofrecemos el Pa\u00eds Vasco y el oc\u00e9ano como\u00a0\u00e1rea\",\"breadcrumb\":{\"@id\":\"https:\/\/evolution2paysbasque.com\/es\/#breadcrumb\"},\"inLanguage\":\"es\",\"potentialAction\":[{\"@type\":\"ReadAction\",\"target\":[\"https:\/\/evolution2paysbasque.com\/es\/\"]}]},{\"@type\":\"BreadcrumbList\",\"@id\":\"https:\/\/evolution2paysbasque.com\/es\/#breadcrumb\",\"itemListElement\":[{\"@type\":\"ListItem\",\"position\":1,\"name\":\"Accueil\",\"item\":\"https:\/\/evolution2paysbasque.com\/es\/\"},{\"@type\":\"ListItem\",\"position\":2,\"name\":\"Bienvenida\"}]},{\"@type\":\"WebSite\",\"@id\":\"https:\/\/evolution2paysbasque.com\/#website\",\"url\":\"https:\/\/evolution2paysbasque.com\/\",\"name\":\"Activit\u00e9s et Sports Outdoor au Pays Basque\",\"description\":\"\",\"publisher\":{\"@id\":\"https:\/\/evolution2paysbasque.com\/#organization\"},\"potentialAction\":[{\"@type\":\"SearchAction\",\"target\":{\"@type\":\"EntryPoint\",\"urlTemplate\":\"https:\/\/evolution2paysbasque.com\/?s={search_term_string}\"},\"query-input\":{\"@type\":\"PropertyValueSpecification\",\"valueRequired\":true,\"valueName\":\"search_term_string\"}}],\"inLanguage\":\"es\"},{\"@type\":\"Organization\",\"@id\":\"https:\/\/evolution2paysbasque.com\/#organization\",\"name\":\"Evolution 2 Pays Basque\",\"url\":\"https:\/\/evolution2paysbasque.com\/\",\"logo\":{\"@type\":\"ImageObject\",\"inLanguage\":\"es\",\"@id\":\"https:\/\/evolution2paysbasque.com\/#\/schema\/logo\/image\/\",\"url\":\"https:\/\/evolution2paysbasque.com\/wp-content\/uploads\/2020\/06\/logo-evolution2-bas.png\",\"contentUrl\":\"https:\/\/evolution2paysbasque.com\/wp-content\/uploads\/2020\/06\/logo-evolution2-bas.png\",\"width\":307,\"height\":80,\"caption\":\"Evolution 2 Pays Basque\"},\"image\":{\"@id\":\"https:\/\/evolution2paysbasque.com\/#\/schema\/logo\/image\/\"}}]}<\/script>\n<!-- \/ Yoast SEO plugin. -->","yoast_head_json":{"title":"Bienvenida - Activit\u00e9s et Sports Outdoor au Pays Basque","description":"\u00a1Profesionales y Apasionados! &nbsp; Especialistas de los deportes y de los pasatiempos al aire libre, les ofrecemos el Pa\u00eds Vasco y el oc\u00e9ano como\u00a0\u00e1rea","robots":{"index":"index","follow":"follow","max-snippet":"max-snippet:-1","max-image-preview":"max-image-preview:large","max-video-preview":"max-video-preview:-1"},"canonical":"https:\/\/evolution2paysbasque.com\/es\/","og_locale":"es_ES","og_type":"article","og_title":"Bienvenida - Activit\u00e9s et Sports Outdoor au Pays Basque","og_description":"\u00a1Profesionales y Apasionados! &nbsp; Especialistas de los deportes y de los pasatiempos al aire libre, les ofrecemos el Pa\u00eds Vasco y el oc\u00e9ano como\u00a0\u00e1rea","og_url":"https:\/\/evolution2paysbasque.com\/es\/","og_site_name":"Activit\u00e9s et Sports Outdoor au Pays Basque","article_modified_time":"2024-06-12T12:17:12+00:00","twitter_card":"summary_large_image","twitter_misc":{"Tiempo de lectura":"2 minutos"},"schema":{"@context":"https:\/\/schema.org","@graph":[{"@type":"WebPage","@id":"https:\/\/evolution2paysbasque.com\/es\/","url":"https:\/\/evolution2paysbasque.com\/es\/","name":"Bienvenida - Activit\u00e9s et Sports Outdoor au Pays Basque","isPartOf":{"@id":"https:\/\/evolution2paysbasque.com\/#website"},"datePublished":"2019-03-24T15:59:18+00:00","dateModified":"2024-06-12T12:17:12+00:00","description":"\u00a1Profesionales y Apasionados! &nbsp; Especialistas de los deportes y de los pasatiempos al aire libre, les ofrecemos el Pa\u00eds Vasco y el oc\u00e9ano como\u00a0\u00e1rea","breadcrumb":{"@id":"https:\/\/evolution2paysbasque.com\/es\/#breadcrumb"},"inLanguage":"es","potentialAction":[{"@type":"ReadAction","target":["https:\/\/evolution2paysbasque.com\/es\/"]}]},{"@type":"BreadcrumbList","@id":"https:\/\/evolution2paysbasque.com\/es\/#breadcrumb","itemListElement":[{"@type":"ListItem","position":1,"name":"Accueil","item":"https:\/\/evolution2paysbasque.com\/es\/"},{"@type":"ListItem","position":2,"name":"Bienvenida"}]},{"@type":"WebSite","@id":"https:\/\/evolution2paysbasque.com\/#website","url":"https:\/\/evolution2paysbasque.com\/","name":"Activit\u00e9s et Sports Outdoor au Pays Basque","description":"","publisher":{"@id":"https:\/\/evolution2paysbasque.com\/#organization"},"potentialAction":[{"@type":"SearchAction","target":{"@type":"EntryPoint","urlTemplate":"https:\/\/evolution2paysbasque.com\/?s={search_term_string}"},"query-input":{"@type":"PropertyValueSpecification","valueRequired":true,"valueName":"search_term_string"}}],"inLanguage":"es"},{"@type":"Organization","@id":"https:\/\/evolution2paysbasque.com\/#organization","name":"Evolution 2 Pays Basque","url":"https:\/\/evolution2paysbasque.com\/","logo":{"@type":"ImageObject","inLanguage":"es","@id":"https:\/\/evolution2paysbasque.com\/#\/schema\/logo\/image\/","url":"https:\/\/evolution2paysbasque.com\/wp-content\/uploads\/2020\/06\/logo-evolution2-bas.png","contentUrl":"https:\/\/evolution2paysbasque.com\/wp-content\/uploads\/2020\/06\/logo-evolution2-bas.png","width":307,"height":80,"caption":"Evolution 2 Pays Basque"},"image":{"@id":"https:\/\/evolution2paysbasque.com\/#\/schema\/logo\/image\/"}}]}},"_links":{"self":[{"href":"https:\/\/evolution2paysbasque.com\/es\/wp-json\/wp\/v2\/pages\/2089","targetHints":{"allow":["GET"]}}],"collection":[{"href":"https:\/\/evolution2paysbasque.com\/es\/wp-json\/wp\/v2\/pages"}],"about":[{"href":"https:\/\/evolution2paysbasque.com\/es\/wp-json\/wp\/v2\/types\/page"}],"author":[{"embeddable":true,"href":"https:\/\/evolution2paysbasque.com\/es\/wp-json\/wp\/v2\/users\/1"}],"replies":[{"embeddable":true,"href":"https:\/\/evolution2paysbasque.com\/es\/wp-json\/wp\/v2\/comments?post=2089"}],"version-history":[{"count":4,"href":"https:\/\/evolution2paysbasque.com\/es\/wp-json\/wp\/v2\/pages\/2089\/revisions"}],"predecessor-version":[{"id":2843,"href":"https:\/\/evolution2paysbasque.com\/es\/wp-json\/wp\/v2\/pages\/2089\/revisions\/2843"}],"wp:attachment":[{"href":"https:\/\/evolution2paysbasque.com\/es\/wp-json\/wp\/v2\/media?parent=2089"}],"curies":[{"name":"wp","href":"https:\/\/api.w.org\/{rel}","templated":true}]}}