{"id":2115,"date":"2019-03-24T18:17:56","date_gmt":"2019-03-24T17:17:56","guid":{"rendered":"http:\/\/evolution2paysbasque.com\/organizador-de-eventos-deportivos-en-el-pais-vasco\/"},"modified":"2019-03-31T14:24:40","modified_gmt":"2019-03-31T12:24:40","slug":"organizador-de-eventos-deportivos-en-el-pais-vasco","status":"publish","type":"page","link":"https:\/\/evolution2paysbasque.com\/es\/grupos-y-eventos\/eventos-deportivos\/organizador-de-eventos-deportivos-en-el-pais-vasco\/","title":{"rendered":"ORGANIZADOR DE EVENTOS DEPORTIVOS EN EL PA\u00cdS VASCO"},"content":{"rendered":"<div class=\"wpb-content-wrapper\"><p>[vc_row css_animation=\u00bb\u00bb row_type=\u00bbrow\u00bb use_row_as_full_screen_section=\u00bbno\u00bb type=\u00bbgrid\u00bb angled_section=\u00bbno\u00bb text_align=\u00bbleft\u00bb background_image_as_pattern=\u00bbwithout_pattern\u00bb padding_top=\u00bb98&#8243; padding_bottom=\u00bb106&#8243; z_index=\u00bb\u00bb][vc_column offset=\u00bbvc_col-md-6&#8243;][vc_video link=\u00bbhttps:\/\/youtu.be\/VhWgprjhtAM\u00bb align=\u00bbcenter\u00bb][vc_empty_space height=\u00bb30px\u00bb][\/vc_column][vc_column offset=\u00bbvc_col-md-6&#8243;][qode_elements_holder number_of_columns=\u00bbone_column\u00bb][qode_elements_holder_item item_padding=\u00bb0px 0px 0 19px\u00bb advanced_animations=\u00bbno\u00bb item_padding_600_768=\u00bb0px 20px 0 20px\u00bb item_padding_480_600=\u00bb0px 20px 0 20px\u00bb item_padding_480=\u00bb0px 20px 0 20px\u00bb][vc_separator type=\u00bbtransparent\u00bb up=\u00bb-18&#8243;][vc_column_text]<\/p>\n<h3>La organizaci\u00f3n de eventos deportivos es una pasi\u00f3n compartida por todos nuestros profesionales.<\/h3>\n<p>[\/vc_column_text][vc_empty_space height=\u00bb34px\u00bb][vc_column_text]<\/p>\n<p style=\"text-align: justify;\">Conocemos las expectativas de la comunidad deportista y del publico y hemos creado numerosos formatos de competici\u00f3n.<\/p>\n<p style=\"text-align: justify;\">Copa del mundo de esqu\u00ed freeride, copa del mundo de BTT, raids&#8230; nuestra experiencia en este dominio est\u00e1 muy reconocida.<\/p>\n<p style=\"text-align: justify;\">Aseguramos la organizaci\u00f3n deportiva, t\u00e9cnica y operacional de \u201cl\u2019Odyss\u00e9e du flocon \u00e0 la vague\u201d desde su primera edici\u00f3n en el a\u00f1o 2009. Este raid multi-actividad de sensibilizaci\u00f3n a la protecci\u00f3n del agua y de los oc\u00e9anos acogi\u00f3 numerosas personas emblem\u00e1ticas del deporte franc\u00e9s, desde su padrino Bixente Lizarazu a Guy Forget, hasta Luc Alphand, Tony Estanguet, Mathieu Crepel, Rapha\u00ebl Ibanez, Op\u00e9hlie David&#8230; y muchos otros.<\/p>\n<p style=\"text-align: justify;\">Disfruten de nuestra experiencia y <strong>cont\u00e1ctennos <\/strong>para la organizaci\u00f3n de su evento deportivo.<\/p>\n<p>[\/vc_column_text][vc_empty_space height=\u00bb36px\u00bb][\/qode_elements_holder_item][\/qode_elements_holder][vc_empty_space height=\u00bb30px\u00bb][\/vc_column][\/vc_row][vc_row css_animation=\u00bb\u00bb row_type=\u00bbrow\u00bb use_row_as_full_screen_section=\u00bbno\u00bb type=\u00bbfull_width\u00bb angled_section=\u00bbno\u00bb text_align=\u00bbleft\u00bb background_image_as_pattern=\u00bbwithout_pattern\u00bb][vc_column][vc_gallery type=\u00bbimage_grid\u00bb images=\u00bb2116,2118,2120,2124,2126,2128&#8243; img_size=\u00bblarge\u00bb column_number=\u00bb3&#8243; grayscale=\u00bbno\u00bb images_space=\u00bbgallery_with_space\u00bb][\/vc_column][\/vc_row]<\/p>\n<\/div>","protected":false},"excerpt":{"rendered":"<p>[vc_row css_animation=\u00bb\u00bb row_type=\u00bbrow\u00bb use_row_as_full_screen_section=\u00bbno\u00bb type=\u00bbgrid\u00bb angled_section=\u00bbno\u00bb text_align=\u00bbleft\u00bb background_image_as_pattern=\u00bbwithout_pattern\u00bb padding_top=\u00bb98&#8243; padding_bottom=\u00bb106&#8243; z_index=\u00bb\u00bb][vc_column offset=\u00bbvc_col-md-6&#8243;][vc_video link=\u00bbhttps:\/\/youtu.be\/VhWgprjhtAM\u00bb align=\u00bbcenter\u00bb][vc_empty_space height=\u00bb30px\u00bb][\/vc_column][vc_column offset=\u00bbvc_col-md-6&#8243;][qode_elements_holder number_of_columns=\u00bbone_column\u00bb][qode_elements_holder_item item_padding=\u00bb0px 0px 0 19px\u00bb advanced_animations=\u00bbno\u00bb item_padding_600_768=\u00bb0px 20px 0 20px\u00bb item_padding_480_600=\u00bb0px 20px 0 20px\u00bb item_padding_480=\u00bb0px 20px 0 20px\u00bb][vc_separator type=\u00bbtransparent\u00bb up=\u00bb-18&#8243;][vc_column_text] La organizaci\u00f3n de eventos deportivos es una pasi\u00f3n compartida&#8230;<\/p>\n","protected":false},"author":1,"featured_media":0,"parent":2175,"menu_order":0,"comment_status":"closed","ping_status":"closed","template":"","meta":{"footnotes":""},"class_list":["post-2115","page","type-page","status-publish","hentry"],"yoast_head":"<!-- This site is optimized with the Yoast SEO plugin v27.2 - https:\/\/yoast.com\/product\/yoast-seo-wordpress\/ -->\n<title>ORGANIZADOR DE EVENTOS DEPORTIVOS EN EL PA\u00cdS VASCO - Activit\u00e9s et Sports Outdoor au Pays Basque<\/title>\n<meta name=\"description\" content=\"La organizaci\u00f3n de eventos deportivos es una pasi\u00f3n compartida por todos nuestros profesionales. Conocemos las expectativas de la comunidad deportista y\" \/>\n<meta name=\"robots\" content=\"index, follow, max-snippet:-1, max-image-preview:large, max-video-preview:-1\" \/>\n<link rel=\"canonical\" href=\"https:\/\/evolution2paysbasque.com\/activites\/evenements\/organisateur-d-evenements-sportifs-au-pays-basque.html\" \/>\n<meta property=\"og:locale\" content=\"es_ES\" \/>\n<meta property=\"og:type\" content=\"article\" \/>\n<meta property=\"og:title\" content=\"ORGANIZADOR DE EVENTOS DEPORTIVOS EN EL PA\u00cdS VASCO - Activit\u00e9s et Sports Outdoor au Pays Basque\" \/>\n<meta property=\"og:description\" content=\"La organizaci\u00f3n de eventos deportivos es una pasi\u00f3n compartida por todos nuestros profesionales. Conocemos las expectativas de la comunidad deportista y\" \/>\n<meta property=\"og:url\" content=\"https:\/\/evolution2paysbasque.com\/activites\/evenements\/organisateur-d-evenements-sportifs-au-pays-basque.html\" \/>\n<meta property=\"og:site_name\" content=\"Activit\u00e9s et Sports Outdoor au Pays Basque\" \/>\n<meta property=\"article:modified_time\" content=\"2019-03-31T12:24:40+00:00\" \/>\n<meta name=\"twitter:card\" content=\"summary_large_image\" \/>\n<meta name=\"twitter:label1\" content=\"Tiempo de lectura\" \/>\n\t<meta name=\"twitter:data1\" content=\"2 minutos\" \/>\n<script type=\"application\/ld+json\" class=\"yoast-schema-graph\">{\"@context\":\"https:\/\/schema.org\",\"@graph\":[{\"@type\":\"WebPage\",\"@id\":\"https:\/\/evolution2paysbasque.com\/activites\/evenements\/organisateur-d-evenements-sportifs-au-pays-basque.html\",\"url\":\"https:\/\/evolution2paysbasque.com\/activites\/evenements\/organisateur-d-evenements-sportifs-au-pays-basque.html\",\"name\":\"ORGANIZADOR DE EVENTOS DEPORTIVOS EN EL PA\u00cdS VASCO - Activit\u00e9s et Sports Outdoor au Pays Basque\",\"isPartOf\":{\"@id\":\"https:\/\/evolution2paysbasque.com\/#website\"},\"datePublished\":\"2019-03-24T17:17:56+00:00\",\"dateModified\":\"2019-03-31T12:24:40+00:00\",\"description\":\"La organizaci\u00f3n de eventos deportivos es una pasi\u00f3n compartida por todos nuestros profesionales. Conocemos las expectativas de la comunidad deportista y\",\"breadcrumb\":{\"@id\":\"https:\/\/evolution2paysbasque.com\/activites\/evenements\/organisateur-d-evenements-sportifs-au-pays-basque.html#breadcrumb\"},\"inLanguage\":\"es\",\"potentialAction\":[{\"@type\":\"ReadAction\",\"target\":[\"https:\/\/evolution2paysbasque.com\/activites\/evenements\/organisateur-d-evenements-sportifs-au-pays-basque.html\"]}]},{\"@type\":\"BreadcrumbList\",\"@id\":\"https:\/\/evolution2paysbasque.com\/activites\/evenements\/organisateur-d-evenements-sportifs-au-pays-basque.html#breadcrumb\",\"itemListElement\":[{\"@type\":\"ListItem\",\"position\":1,\"name\":\"Accueil\",\"item\":\"https:\/\/evolution2paysbasque.com\/es\/\"},{\"@type\":\"ListItem\",\"position\":2,\"name\":\"Grupos y Eventos\",\"item\":\"https:\/\/evolution2paysbasque.com\/groupes-evenements\/\"},{\"@type\":\"ListItem\",\"position\":3,\"name\":\"Eventos deportivos\",\"item\":\"https:\/\/evolution2paysbasque.com\/groupes-evenements\/evenements-sportifs\/\"},{\"@type\":\"ListItem\",\"position\":4,\"name\":\"ORGANIZADOR DE EVENTOS DEPORTIVOS EN EL PA\u00cdS VASCO\"}]},{\"@type\":\"WebSite\",\"@id\":\"https:\/\/evolution2paysbasque.com\/#website\",\"url\":\"https:\/\/evolution2paysbasque.com\/\",\"name\":\"Activit\u00e9s et Sports Outdoor au Pays Basque\",\"description\":\"\",\"publisher\":{\"@id\":\"https:\/\/evolution2paysbasque.com\/#organization\"},\"potentialAction\":[{\"@type\":\"SearchAction\",\"target\":{\"@type\":\"EntryPoint\",\"urlTemplate\":\"https:\/\/evolution2paysbasque.com\/?s={search_term_string}\"},\"query-input\":{\"@type\":\"PropertyValueSpecification\",\"valueRequired\":true,\"valueName\":\"search_term_string\"}}],\"inLanguage\":\"es\"},{\"@type\":\"Organization\",\"@id\":\"https:\/\/evolution2paysbasque.com\/#organization\",\"name\":\"Evolution 2 Pays Basque\",\"url\":\"https:\/\/evolution2paysbasque.com\/\",\"logo\":{\"@type\":\"ImageObject\",\"inLanguage\":\"es\",\"@id\":\"https:\/\/evolution2paysbasque.com\/#\/schema\/logo\/image\/\",\"url\":\"https:\/\/evolution2paysbasque.com\/wp-content\/uploads\/2020\/06\/logo-evolution2-bas.png\",\"contentUrl\":\"https:\/\/evolution2paysbasque.com\/wp-content\/uploads\/2020\/06\/logo-evolution2-bas.png\",\"width\":307,\"height\":80,\"caption\":\"Evolution 2 Pays Basque\"},\"image\":{\"@id\":\"https:\/\/evolution2paysbasque.com\/#\/schema\/logo\/image\/\"}}]}<\/script>\n<!-- \/ Yoast SEO plugin. -->","yoast_head_json":{"title":"ORGANIZADOR DE EVENTOS DEPORTIVOS EN EL PA\u00cdS VASCO - Activit\u00e9s et Sports Outdoor au Pays Basque","description":"La organizaci\u00f3n de eventos deportivos es una pasi\u00f3n compartida por todos nuestros profesionales. Conocemos las expectativas de la comunidad deportista y","robots":{"index":"index","follow":"follow","max-snippet":"max-snippet:-1","max-image-preview":"max-image-preview:large","max-video-preview":"max-video-preview:-1"},"canonical":"https:\/\/evolution2paysbasque.com\/activites\/evenements\/organisateur-d-evenements-sportifs-au-pays-basque.html","og_locale":"es_ES","og_type":"article","og_title":"ORGANIZADOR DE EVENTOS DEPORTIVOS EN EL PA\u00cdS VASCO - Activit\u00e9s et Sports Outdoor au Pays Basque","og_description":"La organizaci\u00f3n de eventos deportivos es una pasi\u00f3n compartida por todos nuestros profesionales. Conocemos las expectativas de la comunidad deportista y","og_url":"https:\/\/evolution2paysbasque.com\/activites\/evenements\/organisateur-d-evenements-sportifs-au-pays-basque.html","og_site_name":"Activit\u00e9s et Sports Outdoor au Pays Basque","article_modified_time":"2019-03-31T12:24:40+00:00","twitter_card":"summary_large_image","twitter_misc":{"Tiempo de lectura":"2 minutos"},"schema":{"@context":"https:\/\/schema.org","@graph":[{"@type":"WebPage","@id":"https:\/\/evolution2paysbasque.com\/activites\/evenements\/organisateur-d-evenements-sportifs-au-pays-basque.html","url":"https:\/\/evolution2paysbasque.com\/activites\/evenements\/organisateur-d-evenements-sportifs-au-pays-basque.html","name":"ORGANIZADOR DE EVENTOS DEPORTIVOS EN EL PA\u00cdS VASCO - Activit\u00e9s et Sports Outdoor au Pays Basque","isPartOf":{"@id":"https:\/\/evolution2paysbasque.com\/#website"},"datePublished":"2019-03-24T17:17:56+00:00","dateModified":"2019-03-31T12:24:40+00:00","description":"La organizaci\u00f3n de eventos deportivos es una pasi\u00f3n compartida por todos nuestros profesionales. Conocemos las expectativas de la comunidad deportista y","breadcrumb":{"@id":"https:\/\/evolution2paysbasque.com\/activites\/evenements\/organisateur-d-evenements-sportifs-au-pays-basque.html#breadcrumb"},"inLanguage":"es","potentialAction":[{"@type":"ReadAction","target":["https:\/\/evolution2paysbasque.com\/activites\/evenements\/organisateur-d-evenements-sportifs-au-pays-basque.html"]}]},{"@type":"BreadcrumbList","@id":"https:\/\/evolution2paysbasque.com\/activites\/evenements\/organisateur-d-evenements-sportifs-au-pays-basque.html#breadcrumb","itemListElement":[{"@type":"ListItem","position":1,"name":"Accueil","item":"https:\/\/evolution2paysbasque.com\/es\/"},{"@type":"ListItem","position":2,"name":"Grupos y Eventos","item":"https:\/\/evolution2paysbasque.com\/groupes-evenements\/"},{"@type":"ListItem","position":3,"name":"Eventos deportivos","item":"https:\/\/evolution2paysbasque.com\/groupes-evenements\/evenements-sportifs\/"},{"@type":"ListItem","position":4,"name":"ORGANIZADOR DE EVENTOS DEPORTIVOS EN EL PA\u00cdS VASCO"}]},{"@type":"WebSite","@id":"https:\/\/evolution2paysbasque.com\/#website","url":"https:\/\/evolution2paysbasque.com\/","name":"Activit\u00e9s et Sports Outdoor au Pays Basque","description":"","publisher":{"@id":"https:\/\/evolution2paysbasque.com\/#organization"},"potentialAction":[{"@type":"SearchAction","target":{"@type":"EntryPoint","urlTemplate":"https:\/\/evolution2paysbasque.com\/?s={search_term_string}"},"query-input":{"@type":"PropertyValueSpecification","valueRequired":true,"valueName":"search_term_string"}}],"inLanguage":"es"},{"@type":"Organization","@id":"https:\/\/evolution2paysbasque.com\/#organization","name":"Evolution 2 Pays Basque","url":"https:\/\/evolution2paysbasque.com\/","logo":{"@type":"ImageObject","inLanguage":"es","@id":"https:\/\/evolution2paysbasque.com\/#\/schema\/logo\/image\/","url":"https:\/\/evolution2paysbasque.com\/wp-content\/uploads\/2020\/06\/logo-evolution2-bas.png","contentUrl":"https:\/\/evolution2paysbasque.com\/wp-content\/uploads\/2020\/06\/logo-evolution2-bas.png","width":307,"height":80,"caption":"Evolution 2 Pays Basque"},"image":{"@id":"https:\/\/evolution2paysbasque.com\/#\/schema\/logo\/image\/"}}]}},"_links":{"self":[{"href":"https:\/\/evolution2paysbasque.com\/es\/wp-json\/wp\/v2\/pages\/2115","targetHints":{"allow":["GET"]}}],"collection":[{"href":"https:\/\/evolution2paysbasque.com\/es\/wp-json\/wp\/v2\/pages"}],"about":[{"href":"https:\/\/evolution2paysbasque.com\/es\/wp-json\/wp\/v2\/types\/page"}],"author":[{"embeddable":true,"href":"https:\/\/evolution2paysbasque.com\/es\/wp-json\/wp\/v2\/users\/1"}],"replies":[{"embeddable":true,"href":"https:\/\/evolution2paysbasque.com\/es\/wp-json\/wp\/v2\/comments?post=2115"}],"version-history":[{"count":0,"href":"https:\/\/evolution2paysbasque.com\/es\/wp-json\/wp\/v2\/pages\/2115\/revisions"}],"up":[{"embeddable":true,"href":"https:\/\/evolution2paysbasque.com\/es\/wp-json\/wp\/v2\/pages\/2175"}],"wp:attachment":[{"href":"https:\/\/evolution2paysbasque.com\/es\/wp-json\/wp\/v2\/media?parent=2115"}],"curies":[{"name":"wp","href":"https:\/\/api.w.org\/{rel}","templated":true}]}}