{"id":2131,"date":"2019-03-24T18:24:27","date_gmt":"2019-03-24T17:24:27","guid":{"rendered":"http:\/\/evolution2paysbasque.com\/organizacion-de-seminarios-y-team-building\/"},"modified":"2019-03-31T14:23:31","modified_gmt":"2019-03-31T12:23:31","slug":"organizacion-de-seminarios-y-team-building","status":"publish","type":"page","link":"https:\/\/evolution2paysbasque.com\/es\/actividades\/seminarios\/organizacion-de-seminarios-y-team-building.html","title":{"rendered":"Organizaci\u00f3n de Seminarios y Team Building"},"content":{"rendered":"<div class=\"wpb-content-wrapper\"><p>[vc_row css_animation=\u00bb\u00bb row_type=\u00bbrow\u00bb use_row_as_full_screen_section=\u00bbno\u00bb type=\u00bbgrid\u00bb angled_section=\u00bbno\u00bb text_align=\u00bbleft\u00bb background_image_as_pattern=\u00bbwithout_pattern\u00bb padding_top=\u00bb98&#8243; padding_bottom=\u00bb106&#8243; z_index=\u00bb\u00bb][vc_column offset=\u00bbvc_col-md-6&#8243;][vc_single_image image=\u00bb1989&#8243; img_size=\u00bbfull\u00bb qode_css_animation=\u00bb\u00bb][vc_empty_space height=\u00bb30px\u00bb][\/vc_column][vc_column offset=\u00bbvc_col-md-6&#8243;][qode_elements_holder number_of_columns=\u00bbone_column\u00bb][qode_elements_holder_item item_padding=\u00bb0px 0px 0 19px\u00bb advanced_animations=\u00bbno\u00bb item_padding_600_768=\u00bb0px 20px 0 20px\u00bb item_padding_480_600=\u00bb0px 20px 0 20px\u00bb item_padding_480=\u00bb0px 20px 0 20px\u00bb][vc_separator type=\u00bbtransparent\u00bb up=\u00bb-18&#8243;][vc_column_text]<\/p>\n<h3><strong>Profesionales de la aventura al servicio del turismo de negocio.<\/strong><\/h3>\n<p>[\/vc_column_text][vc_empty_space height=\u00bb34px\u00bb][vc_column_text]<\/p>\n<p style=\"text-align: justify;\">Incentivo, trabajo en equipo, Retos, multi-actividades, actividades a la carta, programas hechos a medida, rodajes, raids, rallyes\u2026 desde hace 15 a\u00f1os proponemos soluciones adaptadas seg\u00fan las necesidades de nuestros clientes.<\/p>\n<p style=\"text-align: justify;\"><strong>Nuestras ventajas:<\/strong><\/p>\n<ul style=\"text-align: justify;\">\n<li>Sitios operacionales variados (mar, monta\u00f1a, zonas interiores)<\/li>\n<li>Bases de aventura operacionales variados (vestidores, duchas, WC, aparcamiento)<\/li>\n<li>Material rigurosamente seleccionado por nuestros profesionales<\/li>\n<li>Actividades deportivas, t\u00e9cnicas o l\u00fadicas en todos los entornos (actividades n\u00e1uticas, terrestres, a\u00e9reas, mec\u00e1nicas&#8230;)<\/li>\n<li>Log\u00edstica operacional adaptada al turismo de negocio<\/li>\n<li>Profesionales con experiencia<\/li>\n<li>Conocimientos especializados del territorio (Pa\u00eds Vasco, Landes, Pirineos, Espa\u00f1a)<\/li>\n<li>La experiencia de una red l\u00edder en el medio del outdoor y del deporte de aventura.<\/li>\n<\/ul>\n<p>[\/vc_column_text][vc_empty_space height=\u00bb36px\u00bb][\/qode_elements_holder_item][\/qode_elements_holder][vc_empty_space height=\u00bb30px\u00bb][\/vc_column][\/vc_row][vc_row css_animation=\u00bb\u00bb row_type=\u00bbrow\u00bb use_row_as_full_screen_section=\u00bbno\u00bb type=\u00bbfull_width\u00bb angled_section=\u00bbno\u00bb text_align=\u00bbleft\u00bb background_image_as_pattern=\u00bbwithout_pattern\u00bb][vc_column][vc_column_text]<\/p>\n<h3 style=\"text-align: center;\">Ejemplos desaf\u00edos<\/h3>\n<p>[\/vc_column_text][vc_empty_space height=\u00bb30px\u00bb][layerslider_vc id=\u00bb3&#8243;][vc_empty_space height=\u00bb100px\u00bb][\/vc_column][\/vc_row][vc_row css_animation=\u00bb\u00bb row_type=\u00bbrow\u00bb use_row_as_full_screen_section=\u00bbno\u00bb type=\u00bbfull_width\u00bb angled_section=\u00bbno\u00bb text_align=\u00bbleft\u00bb background_image_as_pattern=\u00bbwithout_pattern\u00bb][vc_column][vc_gallery type=\u00bbimage_grid\u00bb images=\u00bb2142,2140,2138,2136,2134,2132&#8243; img_size=\u00bblarge\u00bb column_number=\u00bb3&#8243; grayscale=\u00bbno\u00bb images_space=\u00bbgallery_with_space\u00bb][\/vc_column][\/vc_row]<\/p>\n<\/div>","protected":false},"excerpt":{"rendered":"<p>[vc_row css_animation=\u00bb\u00bb row_type=\u00bbrow\u00bb use_row_as_full_screen_section=\u00bbno\u00bb type=\u00bbgrid\u00bb angled_section=\u00bbno\u00bb text_align=\u00bbleft\u00bb background_image_as_pattern=\u00bbwithout_pattern\u00bb padding_top=\u00bb98&#8243; padding_bottom=\u00bb106&#8243; z_index=\u00bb\u00bb][vc_column offset=\u00bbvc_col-md-6&#8243;][vc_single_image image=\u00bb1989&#8243; img_size=\u00bbfull\u00bb qode_css_animation=\u00bb\u00bb][vc_empty_space height=\u00bb30px\u00bb][\/vc_column][vc_column offset=\u00bbvc_col-md-6&#8243;][qode_elements_holder number_of_columns=\u00bbone_column\u00bb][qode_elements_holder_item item_padding=\u00bb0px 0px 0 19px\u00bb advanced_animations=\u00bbno\u00bb item_padding_600_768=\u00bb0px 20px 0 20px\u00bb item_padding_480_600=\u00bb0px 20px 0 20px\u00bb item_padding_480=\u00bb0px 20px 0 20px\u00bb][vc_separator type=\u00bbtransparent\u00bb up=\u00bb-18&#8243;][vc_column_text] Profesionales de la aventura al servicio del turismo&#8230;<\/p>\n","protected":false},"author":1,"featured_media":0,"parent":2174,"menu_order":0,"comment_status":"closed","ping_status":"closed","template":"","meta":{"footnotes":""},"class_list":["post-2131","page","type-page","status-publish","hentry"],"yoast_head":"<!-- This site is optimized with the Yoast SEO plugin v27.2 - https:\/\/yoast.com\/product\/yoast-seo-wordpress\/ -->\n<title>Organizaci\u00f3n de Seminarios y Team Building - Activit\u00e9s et Sports Outdoor au Pays Basque<\/title>\n<meta name=\"description\" content=\"Profesionales de la aventura al servicio del turismo de negocio. Incentivo, trabajo en equipo, Retos, multi-actividades, actividades a la carta, programas\" \/>\n<meta name=\"robots\" content=\"index, follow, max-snippet:-1, max-image-preview:large, max-video-preview:-1\" \/>\n<link rel=\"canonical\" href=\"https:\/\/evolution2paysbasque.com\/es\/actividades\/seminarios\/organizacion-de-seminarios-y-team-building.html\" \/>\n<meta property=\"og:locale\" content=\"es_ES\" \/>\n<meta property=\"og:type\" content=\"article\" \/>\n<meta property=\"og:title\" content=\"Organizaci\u00f3n de Seminarios y Team Building - Activit\u00e9s et Sports Outdoor au Pays Basque\" \/>\n<meta property=\"og:description\" content=\"Profesionales de la aventura al servicio del turismo de negocio. Incentivo, trabajo en equipo, Retos, multi-actividades, actividades a la carta, programas\" \/>\n<meta property=\"og:url\" content=\"https:\/\/evolution2paysbasque.com\/es\/actividades\/seminarios\/organizacion-de-seminarios-y-team-building.html\" \/>\n<meta property=\"og:site_name\" content=\"Activit\u00e9s et Sports Outdoor au Pays Basque\" \/>\n<meta property=\"article:modified_time\" content=\"2019-03-31T12:23:31+00:00\" \/>\n<meta name=\"twitter:card\" content=\"summary_large_image\" \/>\n<meta name=\"twitter:label1\" content=\"Tiempo de lectura\" \/>\n\t<meta name=\"twitter:data1\" content=\"2 minutos\" \/>\n<script type=\"application\/ld+json\" class=\"yoast-schema-graph\">{\"@context\":\"https:\/\/schema.org\",\"@graph\":[{\"@type\":\"WebPage\",\"@id\":\"https:\/\/evolution2paysbasque.com\/es\/actividades\/seminarios\/organizacion-de-seminarios-y-team-building.html\",\"url\":\"https:\/\/evolution2paysbasque.com\/es\/actividades\/seminarios\/organizacion-de-seminarios-y-team-building.html\",\"name\":\"Organizaci\u00f3n de Seminarios y Team Building - Activit\u00e9s et Sports Outdoor au Pays Basque\",\"isPartOf\":{\"@id\":\"https:\/\/evolution2paysbasque.com\/#website\"},\"datePublished\":\"2019-03-24T17:24:27+00:00\",\"dateModified\":\"2019-03-31T12:23:31+00:00\",\"description\":\"Profesionales de la aventura al servicio del turismo de negocio. Incentivo, trabajo en equipo, Retos, multi-actividades, actividades a la carta, programas\",\"breadcrumb\":{\"@id\":\"https:\/\/evolution2paysbasque.com\/es\/actividades\/seminarios\/organizacion-de-seminarios-y-team-building.html#breadcrumb\"},\"inLanguage\":\"es\",\"potentialAction\":[{\"@type\":\"ReadAction\",\"target\":[\"https:\/\/evolution2paysbasque.com\/es\/actividades\/seminarios\/organizacion-de-seminarios-y-team-building.html\"]}]},{\"@type\":\"BreadcrumbList\",\"@id\":\"https:\/\/evolution2paysbasque.com\/es\/actividades\/seminarios\/organizacion-de-seminarios-y-team-building.html#breadcrumb\",\"itemListElement\":[{\"@type\":\"ListItem\",\"position\":1,\"name\":\"Accueil\",\"item\":\"https:\/\/evolution2paysbasque.com\/es\/\"},{\"@type\":\"ListItem\",\"position\":2,\"name\":\"Grupos y Eventos\",\"item\":\"https:\/\/evolution2paysbasque.com\/groupes-evenements\/\"},{\"@type\":\"ListItem\",\"position\":3,\"name\":\"Seminario\",\"item\":\"https:\/\/evolution2paysbasque.com\/groupes-evenements\/seminaire-dentreprise\/\"},{\"@type\":\"ListItem\",\"position\":4,\"name\":\"Organizaci\u00f3n de Seminarios y Team Building\"}]},{\"@type\":\"WebSite\",\"@id\":\"https:\/\/evolution2paysbasque.com\/#website\",\"url\":\"https:\/\/evolution2paysbasque.com\/\",\"name\":\"Activit\u00e9s et Sports Outdoor au Pays Basque\",\"description\":\"\",\"publisher\":{\"@id\":\"https:\/\/evolution2paysbasque.com\/#organization\"},\"potentialAction\":[{\"@type\":\"SearchAction\",\"target\":{\"@type\":\"EntryPoint\",\"urlTemplate\":\"https:\/\/evolution2paysbasque.com\/?s={search_term_string}\"},\"query-input\":{\"@type\":\"PropertyValueSpecification\",\"valueRequired\":true,\"valueName\":\"search_term_string\"}}],\"inLanguage\":\"es\"},{\"@type\":\"Organization\",\"@id\":\"https:\/\/evolution2paysbasque.com\/#organization\",\"name\":\"Evolution 2 Pays Basque\",\"url\":\"https:\/\/evolution2paysbasque.com\/\",\"logo\":{\"@type\":\"ImageObject\",\"inLanguage\":\"es\",\"@id\":\"https:\/\/evolution2paysbasque.com\/#\/schema\/logo\/image\/\",\"url\":\"https:\/\/evolution2paysbasque.com\/wp-content\/uploads\/2020\/06\/logo-evolution2-bas.png\",\"contentUrl\":\"https:\/\/evolution2paysbasque.com\/wp-content\/uploads\/2020\/06\/logo-evolution2-bas.png\",\"width\":307,\"height\":80,\"caption\":\"Evolution 2 Pays Basque\"},\"image\":{\"@id\":\"https:\/\/evolution2paysbasque.com\/#\/schema\/logo\/image\/\"}}]}<\/script>\n<!-- \/ Yoast SEO plugin. -->","yoast_head_json":{"title":"Organizaci\u00f3n de Seminarios y Team Building - Activit\u00e9s et Sports Outdoor au Pays Basque","description":"Profesionales de la aventura al servicio del turismo de negocio. Incentivo, trabajo en equipo, Retos, multi-actividades, actividades a la carta, programas","robots":{"index":"index","follow":"follow","max-snippet":"max-snippet:-1","max-image-preview":"max-image-preview:large","max-video-preview":"max-video-preview:-1"},"canonical":"https:\/\/evolution2paysbasque.com\/es\/actividades\/seminarios\/organizacion-de-seminarios-y-team-building.html","og_locale":"es_ES","og_type":"article","og_title":"Organizaci\u00f3n de Seminarios y Team Building - Activit\u00e9s et Sports Outdoor au Pays Basque","og_description":"Profesionales de la aventura al servicio del turismo de negocio. Incentivo, trabajo en equipo, Retos, multi-actividades, actividades a la carta, programas","og_url":"https:\/\/evolution2paysbasque.com\/es\/actividades\/seminarios\/organizacion-de-seminarios-y-team-building.html","og_site_name":"Activit\u00e9s et Sports Outdoor au Pays Basque","article_modified_time":"2019-03-31T12:23:31+00:00","twitter_card":"summary_large_image","twitter_misc":{"Tiempo de lectura":"2 minutos"},"schema":{"@context":"https:\/\/schema.org","@graph":[{"@type":"WebPage","@id":"https:\/\/evolution2paysbasque.com\/es\/actividades\/seminarios\/organizacion-de-seminarios-y-team-building.html","url":"https:\/\/evolution2paysbasque.com\/es\/actividades\/seminarios\/organizacion-de-seminarios-y-team-building.html","name":"Organizaci\u00f3n de Seminarios y Team Building - Activit\u00e9s et Sports Outdoor au Pays Basque","isPartOf":{"@id":"https:\/\/evolution2paysbasque.com\/#website"},"datePublished":"2019-03-24T17:24:27+00:00","dateModified":"2019-03-31T12:23:31+00:00","description":"Profesionales de la aventura al servicio del turismo de negocio. Incentivo, trabajo en equipo, Retos, multi-actividades, actividades a la carta, programas","breadcrumb":{"@id":"https:\/\/evolution2paysbasque.com\/es\/actividades\/seminarios\/organizacion-de-seminarios-y-team-building.html#breadcrumb"},"inLanguage":"es","potentialAction":[{"@type":"ReadAction","target":["https:\/\/evolution2paysbasque.com\/es\/actividades\/seminarios\/organizacion-de-seminarios-y-team-building.html"]}]},{"@type":"BreadcrumbList","@id":"https:\/\/evolution2paysbasque.com\/es\/actividades\/seminarios\/organizacion-de-seminarios-y-team-building.html#breadcrumb","itemListElement":[{"@type":"ListItem","position":1,"name":"Accueil","item":"https:\/\/evolution2paysbasque.com\/es\/"},{"@type":"ListItem","position":2,"name":"Grupos y Eventos","item":"https:\/\/evolution2paysbasque.com\/groupes-evenements\/"},{"@type":"ListItem","position":3,"name":"Seminario","item":"https:\/\/evolution2paysbasque.com\/groupes-evenements\/seminaire-dentreprise\/"},{"@type":"ListItem","position":4,"name":"Organizaci\u00f3n de Seminarios y Team Building"}]},{"@type":"WebSite","@id":"https:\/\/evolution2paysbasque.com\/#website","url":"https:\/\/evolution2paysbasque.com\/","name":"Activit\u00e9s et Sports Outdoor au Pays Basque","description":"","publisher":{"@id":"https:\/\/evolution2paysbasque.com\/#organization"},"potentialAction":[{"@type":"SearchAction","target":{"@type":"EntryPoint","urlTemplate":"https:\/\/evolution2paysbasque.com\/?s={search_term_string}"},"query-input":{"@type":"PropertyValueSpecification","valueRequired":true,"valueName":"search_term_string"}}],"inLanguage":"es"},{"@type":"Organization","@id":"https:\/\/evolution2paysbasque.com\/#organization","name":"Evolution 2 Pays Basque","url":"https:\/\/evolution2paysbasque.com\/","logo":{"@type":"ImageObject","inLanguage":"es","@id":"https:\/\/evolution2paysbasque.com\/#\/schema\/logo\/image\/","url":"https:\/\/evolution2paysbasque.com\/wp-content\/uploads\/2020\/06\/logo-evolution2-bas.png","contentUrl":"https:\/\/evolution2paysbasque.com\/wp-content\/uploads\/2020\/06\/logo-evolution2-bas.png","width":307,"height":80,"caption":"Evolution 2 Pays Basque"},"image":{"@id":"https:\/\/evolution2paysbasque.com\/#\/schema\/logo\/image\/"}}]}},"_links":{"self":[{"href":"https:\/\/evolution2paysbasque.com\/es\/wp-json\/wp\/v2\/pages\/2131","targetHints":{"allow":["GET"]}}],"collection":[{"href":"https:\/\/evolution2paysbasque.com\/es\/wp-json\/wp\/v2\/pages"}],"about":[{"href":"https:\/\/evolution2paysbasque.com\/es\/wp-json\/wp\/v2\/types\/page"}],"author":[{"embeddable":true,"href":"https:\/\/evolution2paysbasque.com\/es\/wp-json\/wp\/v2\/users\/1"}],"replies":[{"embeddable":true,"href":"https:\/\/evolution2paysbasque.com\/es\/wp-json\/wp\/v2\/comments?post=2131"}],"version-history":[{"count":0,"href":"https:\/\/evolution2paysbasque.com\/es\/wp-json\/wp\/v2\/pages\/2131\/revisions"}],"up":[{"embeddable":true,"href":"https:\/\/evolution2paysbasque.com\/es\/wp-json\/wp\/v2\/pages\/2174"}],"wp:attachment":[{"href":"https:\/\/evolution2paysbasque.com\/es\/wp-json\/wp\/v2\/media?parent=2131"}],"curies":[{"name":"wp","href":"https:\/\/api.w.org\/{rel}","templated":true}]}}