{"id":2184,"date":"2019-03-31T14:32:27","date_gmt":"2019-03-31T12:32:27","guid":{"rendered":"http:\/\/evolution2paysbasque.com\/grupos-y-eventos\/grupos\/clubs-deportivos-y-salidas-escolares\/"},"modified":"2019-03-31T14:32:27","modified_gmt":"2019-03-31T12:32:27","slug":"clubs-deportivos-y-salidas-escolares","status":"publish","type":"page","link":"https:\/\/evolution2paysbasque.com\/es\/grupos-y-eventos\/grupos\/clubs-deportivos-y-salidas-escolares\/","title":{"rendered":"Clubs deportivos y salidas escolares"},"content":{"rendered":"<div class=\"wpb-content-wrapper\"><p>[vc_row css_animation=\u00bb\u00bb row_type=\u00bbrow\u00bb use_row_as_full_screen_section=\u00bbno\u00bb type=\u00bbgrid\u00bb angled_section=\u00bbno\u00bb text_align=\u00bbleft\u00bb background_image_as_pattern=\u00bbwithout_pattern\u00bb padding_top=\u00bb98&#8243; padding_bottom=\u00bb106&#8243; z_index=\u00bb\u00bb][vc_column offset=\u00bbvc_col-md-6&#8243;][vc_single_image image=\u00bb1979&#8243; img_size=\u00bbfull\u00bb qode_css_animation=\u00bb\u00bb][vc_empty_space height=\u00bb30px\u00bb][\/vc_column][vc_column offset=\u00bbvc_col-md-6&#8243;][qode_elements_holder number_of_columns=\u00bbone_column\u00bb][qode_elements_holder_item item_padding=\u00bb0px 0px 0 19px\u00bb advanced_animations=\u00bbno\u00bb item_padding_600_768=\u00bb0px 20px 0 20px\u00bb item_padding_480_600=\u00bb0px 20px 0 20px\u00bb item_padding_480=\u00bb0px 20px 0 20px\u00bb][vc_separator type=\u00bbtransparent\u00bb up=\u00bb-18&#8243;][vc_column_text]<\/p>\n<p>\u00a1Una salida inolvidable!<\/p>\n<p>[\/vc_column_text][vc_empty_space height=\u00bb34px\u00bb][vc_column_text]<\/p>\n<p style=\"text-align: justify;\">La temporada deportiva de su club empieza o termina y les gustar\u00edan realizar una salida agradable entre los socios del club, les proponemos una gran elecci\u00f3n de prestaciones deportivas para ni\u00f1os y adultos!<\/p>\n<p>Salidas escolares de principio o fin de a\u00f1o, diversas actividades adaptadas a los grupos son realizadas en nuestras diferentes localizaciones, bajo la vigilancia de profesionales diplomados.<\/p>\n<p>Media jornada o jornada completa agradable de una actividad deportiva distinta de la practicada durante todo el a\u00f1o, una manera \u00fanica de recompensar un grupo.<\/p>\n<p>Tarifas de grupo en todas nuestras actividades.<\/p>\n<p>Consultarnos: <u><a href=\"mailto:paysbasque@ospb.fr\">paysbasque@ospb.fr<\/a><\/u><\/p>\n<p>[\/vc_column_text][vc_empty_space height=\u00bb36px\u00bb][\/qode_elements_holder_item][\/qode_elements_holder][vc_empty_space height=\u00bb30px\u00bb][\/vc_column][\/vc_row][vc_row css_animation=\u00bb\u00bb row_type=\u00bbrow\u00bb use_row_as_full_screen_section=\u00bbno\u00bb type=\u00bbfull_width\u00bb angled_section=\u00bbno\u00bb text_align=\u00bbleft\u00bb background_image_as_pattern=\u00bbwithout_pattern\u00bb][vc_column][vc_gallery type=\u00bbimage_grid\u00bb images=\u00bb1932,1935,1662&#8243; img_size=\u00bblarge\u00bb column_number=\u00bb3&#8243; grayscale=\u00bbno\u00bb images_space=\u00bbgallery_with_space\u00bb el_class=\u00bbgalerie-photo\u00bb][\/vc_column][\/vc_row]<\/p>\n<\/div>","protected":false},"excerpt":{"rendered":"<p>[vc_row css_animation=\u00bb\u00bb row_type=\u00bbrow\u00bb use_row_as_full_screen_section=\u00bbno\u00bb type=\u00bbgrid\u00bb angled_section=\u00bbno\u00bb text_align=\u00bbleft\u00bb background_image_as_pattern=\u00bbwithout_pattern\u00bb padding_top=\u00bb98&#8243; padding_bottom=\u00bb106&#8243; z_index=\u00bb\u00bb][vc_column offset=\u00bbvc_col-md-6&#8243;][vc_single_image image=\u00bb1979&#8243; img_size=\u00bbfull\u00bb qode_css_animation=\u00bb\u00bb][vc_empty_space height=\u00bb30px\u00bb][\/vc_column][vc_column offset=\u00bbvc_col-md-6&#8243;][qode_elements_holder number_of_columns=\u00bbone_column\u00bb][qode_elements_holder_item item_padding=\u00bb0px 0px 0 19px\u00bb advanced_animations=\u00bbno\u00bb item_padding_600_768=\u00bb0px 20px 0 20px\u00bb item_padding_480_600=\u00bb0px 20px 0 20px\u00bb item_padding_480=\u00bb0px 20px 0 20px\u00bb][vc_separator type=\u00bbtransparent\u00bb up=\u00bb-18&#8243;][vc_column_text] \u00a1Una salida inolvidable! [\/vc_column_text][vc_empty_space height=\u00bb34px\u00bb][vc_column_text] La temporada deportiva&#8230;<\/p>\n","protected":false},"author":1,"featured_media":0,"parent":2176,"menu_order":0,"comment_status":"closed","ping_status":"closed","template":"","meta":{"footnotes":""},"class_list":["post-2184","page","type-page","status-publish","hentry"],"yoast_head":"<!-- This site is optimized with the Yoast SEO plugin v27.2 - https:\/\/yoast.com\/product\/yoast-seo-wordpress\/ -->\n<title>Clubs deportivos y salidas escolares - Activit\u00e9s et Sports Outdoor au Pays Basque<\/title>\n<meta name=\"description\" content=\"\u00a1Una salida inolvidable!La temporada deportiva de su club empieza o termina y les gustar\u00edan realizar una salida agradable entre los socios del club, les\" \/>\n<meta name=\"robots\" content=\"index, follow, max-snippet:-1, max-image-preview:large, max-video-preview:-1\" \/>\n<link rel=\"canonical\" href=\"https:\/\/evolution2paysbasque.com\/activites\/groupes\/clubs-sportifs.html\" \/>\n<meta property=\"og:locale\" content=\"es_ES\" \/>\n<meta property=\"og:type\" content=\"article\" \/>\n<meta property=\"og:title\" content=\"Clubs deportivos y salidas escolares - Activit\u00e9s et Sports Outdoor au Pays Basque\" \/>\n<meta property=\"og:description\" content=\"\u00a1Una salida inolvidable!La temporada deportiva de su club empieza o termina y les gustar\u00edan realizar una salida agradable entre los socios del club, les\" \/>\n<meta property=\"og:url\" content=\"https:\/\/evolution2paysbasque.com\/activites\/groupes\/clubs-sportifs.html\" \/>\n<meta property=\"og:site_name\" content=\"Activit\u00e9s et Sports Outdoor au Pays Basque\" \/>\n<meta name=\"twitter:card\" content=\"summary_large_image\" \/>\n<meta name=\"twitter:label1\" content=\"Tiempo de lectura\" \/>\n\t<meta name=\"twitter:data1\" content=\"1 minuto\" \/>\n<script type=\"application\/ld+json\" class=\"yoast-schema-graph\">{\"@context\":\"https:\/\/schema.org\",\"@graph\":[{\"@type\":\"WebPage\",\"@id\":\"https:\/\/evolution2paysbasque.com\/activites\/groupes\/clubs-sportifs.html\",\"url\":\"https:\/\/evolution2paysbasque.com\/activites\/groupes\/clubs-sportifs.html\",\"name\":\"Clubs deportivos y salidas escolares - Activit\u00e9s et Sports Outdoor au Pays Basque\",\"isPartOf\":{\"@id\":\"https:\/\/evolution2paysbasque.com\/#website\"},\"datePublished\":\"2019-03-31T12:32:27+00:00\",\"description\":\"\u00a1Una salida inolvidable!La temporada deportiva de su club empieza o termina y les gustar\u00edan realizar una salida agradable entre los socios del club, les\",\"breadcrumb\":{\"@id\":\"https:\/\/evolution2paysbasque.com\/activites\/groupes\/clubs-sportifs.html#breadcrumb\"},\"inLanguage\":\"es\",\"potentialAction\":[{\"@type\":\"ReadAction\",\"target\":[\"https:\/\/evolution2paysbasque.com\/activites\/groupes\/clubs-sportifs.html\"]}]},{\"@type\":\"BreadcrumbList\",\"@id\":\"https:\/\/evolution2paysbasque.com\/activites\/groupes\/clubs-sportifs.html#breadcrumb\",\"itemListElement\":[{\"@type\":\"ListItem\",\"position\":1,\"name\":\"Accueil\",\"item\":\"https:\/\/evolution2paysbasque.com\/es\/\"},{\"@type\":\"ListItem\",\"position\":2,\"name\":\"Grupos y Eventos\",\"item\":\"https:\/\/evolution2paysbasque.com\/groupes-evenements\/\"},{\"@type\":\"ListItem\",\"position\":3,\"name\":\"Grupos\",\"item\":\"https:\/\/evolution2paysbasque.com\/groupes-evenements\/groupes\/\"},{\"@type\":\"ListItem\",\"position\":4,\"name\":\"Clubs deportivos y salidas escolares\"}]},{\"@type\":\"WebSite\",\"@id\":\"https:\/\/evolution2paysbasque.com\/#website\",\"url\":\"https:\/\/evolution2paysbasque.com\/\",\"name\":\"Activit\u00e9s et Sports Outdoor au Pays Basque\",\"description\":\"\",\"publisher\":{\"@id\":\"https:\/\/evolution2paysbasque.com\/#organization\"},\"potentialAction\":[{\"@type\":\"SearchAction\",\"target\":{\"@type\":\"EntryPoint\",\"urlTemplate\":\"https:\/\/evolution2paysbasque.com\/?s={search_term_string}\"},\"query-input\":{\"@type\":\"PropertyValueSpecification\",\"valueRequired\":true,\"valueName\":\"search_term_string\"}}],\"inLanguage\":\"es\"},{\"@type\":\"Organization\",\"@id\":\"https:\/\/evolution2paysbasque.com\/#organization\",\"name\":\"Evolution 2 Pays Basque\",\"url\":\"https:\/\/evolution2paysbasque.com\/\",\"logo\":{\"@type\":\"ImageObject\",\"inLanguage\":\"es\",\"@id\":\"https:\/\/evolution2paysbasque.com\/#\/schema\/logo\/image\/\",\"url\":\"https:\/\/evolution2paysbasque.com\/wp-content\/uploads\/2020\/06\/logo-evolution2-bas.png\",\"contentUrl\":\"https:\/\/evolution2paysbasque.com\/wp-content\/uploads\/2020\/06\/logo-evolution2-bas.png\",\"width\":307,\"height\":80,\"caption\":\"Evolution 2 Pays Basque\"},\"image\":{\"@id\":\"https:\/\/evolution2paysbasque.com\/#\/schema\/logo\/image\/\"}}]}<\/script>\n<!-- \/ Yoast SEO plugin. -->","yoast_head_json":{"title":"Clubs deportivos y salidas escolares - Activit\u00e9s et Sports Outdoor au Pays Basque","description":"\u00a1Una salida inolvidable!La temporada deportiva de su club empieza o termina y les gustar\u00edan realizar una salida agradable entre los socios del club, les","robots":{"index":"index","follow":"follow","max-snippet":"max-snippet:-1","max-image-preview":"max-image-preview:large","max-video-preview":"max-video-preview:-1"},"canonical":"https:\/\/evolution2paysbasque.com\/activites\/groupes\/clubs-sportifs.html","og_locale":"es_ES","og_type":"article","og_title":"Clubs deportivos y salidas escolares - Activit\u00e9s et Sports Outdoor au Pays Basque","og_description":"\u00a1Una salida inolvidable!La temporada deportiva de su club empieza o termina y les gustar\u00edan realizar una salida agradable entre los socios del club, les","og_url":"https:\/\/evolution2paysbasque.com\/activites\/groupes\/clubs-sportifs.html","og_site_name":"Activit\u00e9s et Sports Outdoor au Pays Basque","twitter_card":"summary_large_image","twitter_misc":{"Tiempo de lectura":"1 minuto"},"schema":{"@context":"https:\/\/schema.org","@graph":[{"@type":"WebPage","@id":"https:\/\/evolution2paysbasque.com\/activites\/groupes\/clubs-sportifs.html","url":"https:\/\/evolution2paysbasque.com\/activites\/groupes\/clubs-sportifs.html","name":"Clubs deportivos y salidas escolares - Activit\u00e9s et Sports Outdoor au Pays Basque","isPartOf":{"@id":"https:\/\/evolution2paysbasque.com\/#website"},"datePublished":"2019-03-31T12:32:27+00:00","description":"\u00a1Una salida inolvidable!La temporada deportiva de su club empieza o termina y les gustar\u00edan realizar una salida agradable entre los socios del club, les","breadcrumb":{"@id":"https:\/\/evolution2paysbasque.com\/activites\/groupes\/clubs-sportifs.html#breadcrumb"},"inLanguage":"es","potentialAction":[{"@type":"ReadAction","target":["https:\/\/evolution2paysbasque.com\/activites\/groupes\/clubs-sportifs.html"]}]},{"@type":"BreadcrumbList","@id":"https:\/\/evolution2paysbasque.com\/activites\/groupes\/clubs-sportifs.html#breadcrumb","itemListElement":[{"@type":"ListItem","position":1,"name":"Accueil","item":"https:\/\/evolution2paysbasque.com\/es\/"},{"@type":"ListItem","position":2,"name":"Grupos y Eventos","item":"https:\/\/evolution2paysbasque.com\/groupes-evenements\/"},{"@type":"ListItem","position":3,"name":"Grupos","item":"https:\/\/evolution2paysbasque.com\/groupes-evenements\/groupes\/"},{"@type":"ListItem","position":4,"name":"Clubs deportivos y salidas escolares"}]},{"@type":"WebSite","@id":"https:\/\/evolution2paysbasque.com\/#website","url":"https:\/\/evolution2paysbasque.com\/","name":"Activit\u00e9s et Sports Outdoor au Pays Basque","description":"","publisher":{"@id":"https:\/\/evolution2paysbasque.com\/#organization"},"potentialAction":[{"@type":"SearchAction","target":{"@type":"EntryPoint","urlTemplate":"https:\/\/evolution2paysbasque.com\/?s={search_term_string}"},"query-input":{"@type":"PropertyValueSpecification","valueRequired":true,"valueName":"search_term_string"}}],"inLanguage":"es"},{"@type":"Organization","@id":"https:\/\/evolution2paysbasque.com\/#organization","name":"Evolution 2 Pays Basque","url":"https:\/\/evolution2paysbasque.com\/","logo":{"@type":"ImageObject","inLanguage":"es","@id":"https:\/\/evolution2paysbasque.com\/#\/schema\/logo\/image\/","url":"https:\/\/evolution2paysbasque.com\/wp-content\/uploads\/2020\/06\/logo-evolution2-bas.png","contentUrl":"https:\/\/evolution2paysbasque.com\/wp-content\/uploads\/2020\/06\/logo-evolution2-bas.png","width":307,"height":80,"caption":"Evolution 2 Pays Basque"},"image":{"@id":"https:\/\/evolution2paysbasque.com\/#\/schema\/logo\/image\/"}}]}},"_links":{"self":[{"href":"https:\/\/evolution2paysbasque.com\/es\/wp-json\/wp\/v2\/pages\/2184","targetHints":{"allow":["GET"]}}],"collection":[{"href":"https:\/\/evolution2paysbasque.com\/es\/wp-json\/wp\/v2\/pages"}],"about":[{"href":"https:\/\/evolution2paysbasque.com\/es\/wp-json\/wp\/v2\/types\/page"}],"author":[{"embeddable":true,"href":"https:\/\/evolution2paysbasque.com\/es\/wp-json\/wp\/v2\/users\/1"}],"replies":[{"embeddable":true,"href":"https:\/\/evolution2paysbasque.com\/es\/wp-json\/wp\/v2\/comments?post=2184"}],"version-history":[{"count":0,"href":"https:\/\/evolution2paysbasque.com\/es\/wp-json\/wp\/v2\/pages\/2184\/revisions"}],"up":[{"embeddable":true,"href":"https:\/\/evolution2paysbasque.com\/es\/wp-json\/wp\/v2\/pages\/2176"}],"wp:attachment":[{"href":"https:\/\/evolution2paysbasque.com\/es\/wp-json\/wp\/v2\/media?parent=2184"}],"curies":[{"name":"wp","href":"https:\/\/api.w.org\/{rel}","templated":true}]}}