{"id":2212,"date":"2019-01-04T18:41:00","date_gmt":"2019-01-04T17:41:00","guid":{"rendered":"http:\/\/evolution2paysbasque.com\/actividades\/naturaleza\/arborismo-anglet-chiberta\/recorrido-arborismo-castors\/"},"modified":"2023-05-27T14:55:35","modified_gmt":"2023-05-27T12:55:35","slug":"parcours-accrobranche-castors","status":"publish","type":"page","link":"https:\/\/evolution2paysbasque.com\/es\/actividades\/naturaleza\/arborismo-anglet-chiberta\/recorrido-arborismo-castors.html","title":{"rendered":"RECORRIDO ARBORISMO CASTORS"},"content":{"rendered":"<div class=\"wpb-content-wrapper\"><p>[vc_row css_animation=\u00bb\u00bb row_type=\u00bbrow\u00bb use_row_as_full_screen_section=\u00bbno\u00bb type=\u00bbfull_width\u00bb angled_section=\u00bbno\u00bb text_align=\u00bbleft\u00bb background_image_as_pattern=\u00bbwithout_pattern\u00bb][vc_column]<div class=\"qode-advanced-tabs qode-advanced-tabs qode-advanced-horizontal-tab clearfix qode-advanced-tab-with-icon qode-advanced-tabs-column-3 clearfix\">\n\t<ul class=\"qode-advanced-tabs-nav\">\n\t\t\t\t\t<li>\n\t\t\t\t<h6>\n\t\t\t\t\t<a href=\"#tab-descripcion\">\n\t\t\t\t\t\t\t\t\t\t\t\t\t<span class=\"qode-advanced-icon-frame\"><\/span>\n\t\t\t\t\t\t\n\t\t\t\t\t\t\t\t\t\t\t\t\t<span class=\"qode-advanced-tab-text-after-icon\">\n\t\t\t\t\t\t\t\tDescripci\u00f3n\t\t\t\t\t\t\t<\/span>\n\t\t\t\t\t\t\t\t\t\t\t<\/a>\n\t\t\t\t<\/h6>\n\t\t\t<\/li>\n\t\t\t\t\t<li>\n\t\t\t\t<h6>\n\t\t\t\t\t<a href=\"#tab-lugares\">\n\t\t\t\t\t\t\t\t\t\t\t\t\t<span class=\"qode-advanced-icon-frame\"><\/span>\n\t\t\t\t\t\t\n\t\t\t\t\t\t\t\t\t\t\t\t\t<span class=\"qode-advanced-tab-text-after-icon\">\n\t\t\t\t\t\t\t\tLUGARES\t\t\t\t\t\t\t<\/span>\n\t\t\t\t\t\t\t\t\t\t\t<\/a>\n\t\t\t\t<\/h6>\n\t\t\t<\/li>\n\t\t\t\t\t<li>\n\t\t\t\t<h6>\n\t\t\t\t\t<a href=\"#tab-horarios\">\n\t\t\t\t\t\t\t\t\t\t\t\t\t<span class=\"qode-advanced-icon-frame\"><\/span>\n\t\t\t\t\t\t\n\t\t\t\t\t\t\t\t\t\t\t\t\t<span class=\"qode-advanced-tab-text-after-icon\">\n\t\t\t\t\t\t\t\tHorarios\t\t\t\t\t\t\t<\/span>\n\t\t\t\t\t\t\t\t\t\t\t<\/a>\n\t\t\t\t<\/h6>\n\t\t\t<\/li>\n\t\t\t<\/ul>\n\t<div class=\"qode-advanced-tab-container\" id=\"tab-descripcion-365\" data-icon-pack=\"dripicons\" data-icon-html=\"&lt;i class=&quot;qodef-icon-dripicons dripicon dripicons-preview &quot; &gt;&lt;\/i&gt;\">[vc_row_inner row_type=\u00bbrow\u00bb type=\u00bbfull_width\u00bb text_align=\u00bbleft\u00bb css_animation=\u00bb\u00bb][vc_column_inner width=\u00bb2\/3&#8243;][vc_column_text]<\/p>\n<h3><strong>RICORRIDO CASTORS<\/strong><\/h3>\n<p>[\/vc_column_text][vc_empty_space][vc_column_text el_class=\u00bbentete\u00bb]<\/p>\n<p>El recorrido Castors permite descubrir el arborismo en un recorrido construido entre 1m50 y 2m50 de altitud bajo la vigilancia de los profesionales del parque.<\/p>\n<p>Los ni\u00f1os est\u00e1n equipados en la recepci\u00f3n con material espec\u00edfico ( arn\u00e9s, conector, casco ), luego se familiarizan con el uso del material en una pr\u00e1ctica de iniciaci\u00f3n durante la sesi\u00f3n informativa antes de la actividad.<\/p>\n<p>[\/vc_column_text][\/vc_column_inner][vc_column_inner width=\u00bb1\/3&#8243;][vc_column_text]<\/p>\n<h3 style=\"color: #e54b4b;\"><strong>14 \u20ac<\/strong><\/h3>\n<p>[\/vc_column_text][vc_empty_space][vc_raw_html]JTNDZGl2JTIwaWQlM0QlMjJDb25zdGVsbGF0aW9uV2lkZ2V0Q29udGFpbmVyOWFlMWVhMWItODcwNC00NDhmLTliYmQtNTNhYWRiY2E5NDYyJTIyJTIwc3R5bGUlM0QlMjJ3aWR0aCUzQTEwMCUyNSUyMiUyMHRpdGxlJTNEJTIyJTI2JTIzMjAxJTNCdm9sdXRpb24lMjAyJTIwT2ZmaWNlJTIwZGVzJTIwU3BvcnRzJTIwZHUlMjBQYXlzJTIwQmFzcXVlJTIyJTIwZGF0YS1pZC1wcm9qZXQlM0QlMjc5YWUxZWExYjg3MDQ0NDhmOWJiZDUzYWFkYmNhOTQ2MiUyNyUzRUNhcmdhbmRvLi4uJTNDJTJGZGl2JTNFJTIwJTNDc2NyaXB0JTIwdHlwZSUzRCUyMnRleHQlMkZqYXZhc2NyaXB0JTIyJTIwc3JjJTNEJTIyaHR0cHMlM0ElMkYlMkZyZXNlcnZhdGlvbi5lbGxvaGEuY29tJTJGU2NyaXB0cyUyRndpZGdldC1sb2FkZXIubWluLmpzJTNGdiUzRDM5JTIyJTNFJTNDJTJGc2NyaXB0JTNFJTIwJTNDc2NyaXB0JTIwdHlwZSUzRCUyMnRleHQlMkZqYXZhc2NyaXB0JTIyJTNFdmFyJTIwY29uc3RlbGxhdGlvbldpZGdldFVybDlhZTFlYTFiODcwNDQ0OGY5YmJkNTNhYWRiY2E5NDYyJTJDJTIwY29uc3RlbGxhdGlvblR5cGVNb2R1bGU5YWUxZWExYjg3MDQ0NDhmOWJiZDUzYWFkYmNhOTQ2MiUzQiUyMGNvbnN0ZWxsYXRpb25XaWRnZXRVcmw5YWUxZWExYjg3MDQ0NDhmOWJiZDUzYWFkYmNhOTQ2MiUyMCUzRCUyMCUyN2h0dHBzJTNBJTJGJTJGcmVzZXJ2YXRpb24uZWxsb2hhLmNvbSUyRldpZGdldCUyRkJvb2tpbmdFbmdpbmUlMkY5YWUxZWExYi04NzA0LTQ0OGYtOWJiZC01M2FhZGJjYTk0NjIlM0ZpZG9pJTNEMjcyOWYzODQtNjJkZi00MDc4LWE0MDItNWVmODkyNWRkYmE3JTI2Y3VsdHVyZSUzRGVzLUVTJTI3JTNCJTIwY29uc3RlbGxhdGlvblR5cGVNb2R1bGU5YWUxZWExYjg3MDQ0NDhmOWJiZDUzYWFkYmNhOTQ2MiUzRDElM0IlMjBjb25zdGVsbGF0aW9uV2lkZ2V0TG9hZCUyOCUyN0NvbnN0ZWxsYXRpb25XaWRnZXRDb250YWluZXI5YWUxZWExYi04NzA0LTQ0OGYtOWJiZC01M2FhZGJjYTk0NjIlMjclMjklM0IlMjBjb25zdGVsbGF0aW9uV2lkZ2V0QWRkRXZlbnQlMjh3aW5kb3clMkMlMjAlMjJyZXNpemUlMjIlMkMlMjBmdW5jdGlvbiUyMCUyOCUyOSUyMCU3QiUyMGNvbnN0ZWxsYXRpb25XaWRnZXRTZXRBcHBlYXJhbmNlJTI4JTI3Q29uc3RlbGxhdGlvbldpZGdldENvbnRhaW5lcjlhZTFlYTFiLTg3MDQtNDQ4Zi05YmJkLTUzYWFkYmNhOTQ2MiUyNyUyOSUzQiUyMCU3RCUyOSUzQiUzQyUyRnNjcmlwdCUzRQ==[\/vc_raw_html][\/vc_column_inner][\/vc_row_inner][vc_empty_space height=\u00bb10px\u00bb][vc_column_text]<\/p>\n<p><strong>El recorrido ofrece la mayor\u00eda de los talleres m\u00e1s grandes :\u00a0<\/strong>puente de monos, puentes de selva, puente de Indiana, red para caminar o arrastrar, puente en zigzag, tirolinas, toboganes\u2026 Un recorrido muy progresivo donde los ni\u00f1os descubren la autonom\u00eda en altura.<\/p>\n<p>[\/vc_column_text][vc_empty_space height=\u00bb10px\u00bb][vc_column_text]<\/p>\n<p>Los padres no pueden acompa\u00f1ar ( en altura ) a los ni\u00f1os en este recorrido porque la distancia de los cables y el tama\u00f1o de los juegos se adaptan a la morfolog\u00eda de 5-7 a\u00f1os.<\/p>\n<p>[\/vc_column_text][vc_empty_space height=\u00bb10px\u00bb][vc_text_separator title=\u00bbORGANISA TU CUMPLEA\u00d1OS\u00bb border=\u00bbno\u00bb][vc_empty_space height=\u00bb10px\u00bb][vc_column_text]<\/p>\n<p style=\"text-align: center;\">Ven a celebrar tu\u00a0<a href=\"http:\/\/evolution2paysbasque.com\/activites\/groupes\/anniversaires.html\"><strong>cumplea\u00f1os<\/strong><\/a>\u00a0en el recorrido Castors<\/p>\n<p>[\/vc_column_text][vc_empty_space height=\u00bb10px\u00bb][vc_row_inner row_type=\u00bbrow\u00bb type=\u00bbfull_width\u00bb text_align=\u00bbleft\u00bb css_animation=\u00bb\u00bb css=\u00bb.vc_custom_1546947055781{padding-right: 10% !important;padding-left: 10% !important;}\u00bb][vc_column_inner width=\u00bb1\/3&#8243;][vc_single_image image=\u00bb1961&#8243; img_size=\u00bbfull\u00bb add_caption=\u00bbyes\u00bb alignment=\u00bbcenter\u00bb qode_css_animation=\u00bb\u00bb][vc_column_text]<\/p>\n<p style=\"text-align: center;\">Le reservamos mesas de picnic.<\/p>\n<p>[\/vc_column_text][\/vc_column_inner][vc_column_inner width=\u00bb1\/3&#8243;][vc_single_image image=\u00bb1960&#8243; img_size=\u00bbfull\u00bb alignment=\u00bbcenter\u00bb qode_css_animation=\u00bb\u00bb][vc_column_text]<\/p>\n<p style=\"text-align: center;\">Le dejamos traer pasteles, bebidas y caramelos.<\/p>\n<p>[\/vc_column_text][\/vc_column_inner][vc_column_inner width=\u00bb1\/3&#8243;][vc_single_image image=\u00bb1959&#8243; img_size=\u00bbfull\u00bb alignment=\u00bbcenter\u00bb qode_css_animation=\u00bb\u00bb][vc_column_text]<\/p>\n<p style=\"text-align: center;\">Si\u00e9ntase libre de traer manteles y globos para su decoraci\u00f3n personalizada.<\/p>\n<p>[\/vc_column_text][\/vc_column_inner][\/vc_row_inner][vc_empty_space height=\u00bb10px\u00bb][vc_text_separator title=\u00bbINFOMACI\u00d3N\u00bb border=\u00bbno\u00bb][vc_empty_space height=\u00bb50px\u00bb][vc_row_inner row_type=\u00bbrow\u00bb type=\u00bbfull_width\u00bb text_align=\u00bbleft\u00bb css_animation=\u00bb\u00bb][vc_column_inner width=\u00bb1\/4&#8243;][vc_column_text]<\/p>\n<h6><strong>Informaci\u00f3n De Contacto<\/strong><\/h6>\n<p>[\/vc_column_text][\/vc_column_inner][vc_column_inner width=\u00bb3\/4&#8243;][vc_column_text]<\/p>\n<p style=\"font-family: 'wickedgritt' !important;\">05 59 42 03 06 | rond-point de la capitainerie \/ 120 promenade de la Barre ou 130 avenue de l\u2019Adour 64600 Anglet<\/p>\n<p>[\/vc_column_text][\/vc_column_inner][\/vc_row_inner][vc_empty_space height=\u00bb10px\u00bb][vc_row_inner row_type=\u00bbrow\u00bb type=\u00bbfull_width\u00bb text_align=\u00bbleft\u00bb css_animation=\u00bb\u00bb][vc_column_inner width=\u00bb1\/4&#8243;][vc_column_text]<\/p>\n<h6><b>Reservaci\u00f3n<\/b><\/h6>\n<p>[\/vc_column_text][\/vc_column_inner][vc_column_inner width=\u00bb3\/4&#8243;][vc_column_text]<\/p>\n<p style=\"font-family: 'wickedgritt' !important;\">No es necesario reservar ( excepto para grupos o cumplea\u00f1os )<\/p>\n<p>[\/vc_column_text][\/vc_column_inner][\/vc_row_inner][vc_empty_space height=\u00bb10px\u00bb][vc_row_inner row_type=\u00bbrow\u00bb type=\u00bbfull_width\u00bb text_align=\u00bbleft\u00bb css_animation=\u00bb\u00bb][vc_column_inner width=\u00bb1\/4&#8243;][vc_column_text]<\/p>\n<h6><strong>Seguridad<\/strong><\/h6>\n<p>[\/vc_column_text][\/vc_column_inner][vc_column_inner width=\u00bb3\/4&#8243;][vc_column_text]<\/p>\n<p style=\"font-family: 'wickedgritt' !important;\">\u00danico en el Pa\u00eds Vasco, nuestros parques est\u00e1n equipados con una l\u00ednea de vida continua. Descolgarse es imposible durante la progresi\u00f3n de la altura \u2013 Seguridad M\u00e1xima \u2013<\/p>\n<p>[\/vc_column_text][\/vc_column_inner][\/vc_row_inner][vc_empty_space height=\u00bb10px\u00bb][vc_row_inner row_type=\u00bbrow\u00bb type=\u00bbfull_width\u00bb text_align=\u00bbleft\u00bb css_animation=\u00bb\u00bb][vc_column_inner width=\u00bb1\/4&#8243;][vc_column_text]<\/p>\n<h6><strong>C\u00f3digo De Vestimenta<\/strong><\/h6>\n<p>[\/vc_column_text][\/vc_column_inner][vc_column_inner width=\u00bb3\/4&#8243;][vc_column_text]<\/p>\n<p style=\"font-family: 'wickedgritt' !important;\">Zapatos cerrados obligatorio ( sandalia con correa de cinta detrae del tal\u00f3n permitido )<\/p>\n<p>[\/vc_column_text][\/vc_column_inner][\/vc_row_inner][vc_empty_space height=\u00bb50px\u00bb][vc_gallery type=\u00bbimage_grid\u00bb images=\u00bb2215,2213&#8243; img_size=\u00bblarge\u00bb column_number=\u00bb3&#8243; grayscale=\u00bbno\u00bb images_space=\u00bbgallery_with_space\u00bb title=\u00bbGallerie Photos\u00bb el_class=\u00bbgalerie-photo\u00bb]<\/div><div class=\"qode-advanced-tab-container\" id=\"tab-lugares-239\" data-icon-pack=\"dripicons\" data-icon-html=\"&lt;i class=&quot;qodef-icon-dripicons dripicon dripicons-location &quot; &gt;&lt;\/i&gt;\">[vc_raw_html]JTNDc3BhbiUyMGNsYXNzJTNEJTIycm9uZCUyMiUzRUdQUyUzQyUyRnNwYW4lM0UlM0NzcGFuJTIwY2xhc3MlM0QlMjJsb25naXR1ZGUlMjIlM0U0MyVDMiVCMDMxJTI3MzQlMjclRTIlODAlOTlOJTIwJTdDJTIwMSVDMiVCMDMwJTI3NTMlMjJPJTNDYnIlM0UlMEExMjAlMjBwcm9tZW5hZGUlMjBkZSUyMGxhJTIwQmFycmUlMjA2NCUyMDYwMCUyMEFuZ2xldCUzQyUyRnNwYW4lM0UlMEElMEElM0NpZnJhbWUlMjBzdHlsZSUzRCUyMmJvcmRlciUzQSUyMDAlM0IlMjIlMjBzcmMlM0QlMjJodHRwcyUzQSUyRiUyRnd3dy5nb29nbGUuY29tJTJGbWFwcyUyRmVtYmVkJTNGcGIlM0QlMjExbTE4JTIxMW0xMiUyMTFtMyUyMTFkMjg5Mi44NzM1MDAzMTk2MzIlMjEyZC0xLjUxNTkyODQ4NDUwNjM3NjclMjEzZDQzLjUyNTgzMDU3OTEyNTkxNiUyMTJtMyUyMTFmMCUyMTJmMCUyMTNmMCUyMTNtMiUyMTFpMTAyNCUyMTJpNzY4JTIxNGYxMy4xJTIxM20zJTIxMW0yJTIxMXMweGQ1MTQxZDk0ODlmYzNhYiUyNTNBMHhhMTA2ZjY2OGY0YjM3NWYyJTIxMnNBY2Nyb2JyYW5jaGUlMkItJTJCT2ZmaWNlJTJCZGVzJTJCU3BvcnRzJTJCZHUlMkJQYXlzJTJCQmFzcXVlJTIxNWUwJTIxM20yJTIxMXNmciUyMTJzZnIlMjE0djE1NDYxNzY5NjM0MDIlMjIlMjB3aWR0aCUzRCUyMjEwMCUyNSUyMiUyMGhlaWdodCUzRCUyMjUyNSUyMiUyMGZyYW1lYm9yZGVyJTNEJTIyMCUyMiUyMGFsbG93ZnVsbHNjcmVlbiUzRCUyMmFsbG93ZnVsbHNjcmVlbiUyMiUzRSUzQyUyRmlmcmFtZSUzRQ==[\/vc_raw_html]<\/div><div class=\"qode-advanced-tab-container\" id=\"tab-horarios-363\" data-icon-pack=\"font_elegant\" data-icon-html=\"&lt;span aria-hidden=&quot;true&quot; class=&quot;qode_icon_font_elegant icon_book &quot; &gt;&lt;\/span&gt;\">[vc_column_text]<\/p>\n<h5><strong>FECHAS Y HORARIOS<\/strong><\/h5>\n<h6><strong>Abril \/ Semana Santa :<\/strong><\/h6>\n<p>Desde el s\u00e1bado 6 de abril hasta el domingo 5 de mayo: todos los d\u00edas de 14h a 17h30, \u00faltima salida.<\/p>\n<h6><strong>Mayo \u00a0:<\/strong><\/h6>\n<p>Mi\u00e9rcoles 8 de mayo: de 14h a 17h30 \u00faltima salida.<\/p>\n<p>S\u00e1bado 11 y domingo 12 de mayo: de 14h a 17h30 \u00faltima salida.<\/p>\n<p>S\u00e1bado 18 y domingo 19 de mayo: de 14h a 17h30 \u00faltima salida.<\/p>\n<p>S\u00e1bado 25 y domingo 26 de mayo: de 14h a 17h30 \u00faltima salida.<\/p>\n<h6><strong>Mayo \/ Junio Ascensi\u00f3n :<\/strong><\/h6>\n<p>Jueves 30 \/ viernes 31 de mayo \/ s\u00e1bado 1 y domingo 2 de junio : de 14h a 17h30, \u00faltima salida<\/p>\n<h6><strong>Junio \/ Pentecost\u00e9s :<\/strong><\/h6>\n<p>S\u00e1bado 8, domingo 9 y lunes 10 de junio: de 14h a 17h30 \u00faltima salida<\/p>\n<h6><strong>Junio\u00a0:<\/strong><\/h6>\n<p>S\u00e1bado 15 y domingo 16 de junio: de 14h a 17h30 \u00faltima salida.<\/p>\n<p>S\u00e1bado 22 y domingo 23 de junio: de 14h a 17h30 \u00faltima salida.<\/p>\n<p>S\u00e1bado 29 y domingo 30 de junio: de 14h a 17h30 \u00faltima salida.<\/p>\n<h6><strong>Verano\u00a0:<\/strong><\/h6>\n<p>Del 1 al 5 de julio: todos los d\u00edas de 14h a 18h, \u00faltima salida.<\/p>\n<p>Del 6 de julio al 1 de septiembre: todos los d\u00edas de 10h a 18h, \u00faltima salida (18h30 para cursos de ni\u00f1os)<\/p>\n<h6><strong>Septiembre :<\/strong><\/h6>\n<p>S\u00e1bado 7 y domingo 8 de septiembre: de 14h a 17h30 \u00faltima salida.<\/p>\n<p>S\u00e1bado 14 y domingo 15 de septiembre: de 14h a 17h30 \u00faltima salida.<\/p>\n<p>S\u00e1bado 21 y domingo 22 de septiembre: de 14h a 17h30 \u00faltima salida.<\/p>\n<p>S\u00e1bado 28 y domingo 29 de septiembre: de 14h a 17h30 \u00faltima salida.<\/p>\n<h6><strong>Octubre :<\/strong><\/h6>\n<p>S\u00e1bado 5 y domingo 6 de octubre: de 14h a 17h00 \u00faltima salida.<\/p>\n<p>S\u00e1bado 12 y domingo 13 de octubre: de 14h a 17h00 \u00faltima salida.<\/p>\n<h6><strong>Octubre \/ D\u00eda De Todos Los Santos<\/strong><\/h6>\n<p>Del s\u00e1bado 19 de octubre al domingo 3 de noviembre: todos los d\u00edas de 14h a 17h, \u00faltima salida<\/p>\n<p>&nbsp;<\/p>\n<p>Es probable que el parque est\u00e9 cerrado en las fechas indicadas debido a condiciones meteorol\u00f3gicas desfavorables ( alerta roja o naranja meteorolog\u00eda Francia \/ viento violento \/ riesgo de tormenta \/ lluvias intensas )<\/p>\n<p>Gracias por su comprensi\u00f3n.<\/p>\n<p>[\/vc_column_text]<\/div><\/div>[\/vc_column][\/vc_row]<\/p>\n<\/div>","protected":false},"excerpt":{"rendered":"<p>[vc_row css_animation=\u00bb\u00bb row_type=\u00bbrow\u00bb use_row_as_full_screen_section=\u00bbno\u00bb type=\u00bbfull_width\u00bb angled_section=\u00bbno\u00bb text_align=\u00bbleft\u00bb background_image_as_pattern=\u00bbwithout_pattern\u00bb][vc_column][\/vc_column][\/vc_row]<\/p>\n","protected":false},"author":1,"featured_media":0,"parent":2211,"menu_order":1,"comment_status":"closed","ping_status":"closed","template":"","meta":{"footnotes":""},"class_list":["post-2212","page","type-page","status-publish","hentry"],"yoast_head":"<!-- This site is optimized with the Yoast SEO plugin v27.2 - https:\/\/yoast.com\/product\/yoast-seo-wordpress\/ -->\n<title>RECORRIDO ARBORISMO CASTORS - Activit\u00e9s et Sports Outdoor au Pays Basque<\/title>\n<meta name=\"robots\" content=\"index, follow, max-snippet:-1, max-image-preview:large, max-video-preview:-1\" \/>\n<link rel=\"canonical\" href=\"https:\/\/evolution2paysbasque.com\/es\/actividades\/naturaleza\/arborismo-anglet-chiberta\/recorrido-arborismo-castors.html\" \/>\n<meta property=\"og:locale\" content=\"es_ES\" \/>\n<meta property=\"og:type\" content=\"article\" \/>\n<meta property=\"og:title\" content=\"RECORRIDO ARBORISMO CASTORS - Activit\u00e9s et Sports Outdoor au Pays Basque\" \/>\n<meta property=\"og:url\" content=\"https:\/\/evolution2paysbasque.com\/es\/actividades\/naturaleza\/arborismo-anglet-chiberta\/recorrido-arborismo-castors.html\" \/>\n<meta property=\"og:site_name\" content=\"Activit\u00e9s et Sports Outdoor au Pays Basque\" \/>\n<meta property=\"article:modified_time\" content=\"2023-05-27T12:55:35+00:00\" \/>\n<meta name=\"twitter:card\" content=\"summary_large_image\" \/>\n<meta name=\"twitter:label1\" content=\"Tiempo de lectura\" \/>\n\t<meta name=\"twitter:data1\" content=\"4 minutos\" \/>\n<script type=\"application\/ld+json\" class=\"yoast-schema-graph\">{\"@context\":\"https:\/\/schema.org\",\"@graph\":[{\"@type\":\"WebPage\",\"@id\":\"https:\/\/evolution2paysbasque.com\/es\/actividades\/naturaleza\/arborismo-anglet-chiberta\/recorrido-arborismo-castors.html\",\"url\":\"https:\/\/evolution2paysbasque.com\/es\/actividades\/naturaleza\/arborismo-anglet-chiberta\/recorrido-arborismo-castors.html\",\"name\":\"RECORRIDO ARBORISMO CASTORS - Activit\u00e9s et Sports Outdoor au Pays Basque\",\"isPartOf\":{\"@id\":\"https:\/\/evolution2paysbasque.com\/#website\"},\"datePublished\":\"2019-01-04T17:41:00+00:00\",\"dateModified\":\"2023-05-27T12:55:35+00:00\",\"breadcrumb\":{\"@id\":\"https:\/\/evolution2paysbasque.com\/es\/actividades\/naturaleza\/arborismo-anglet-chiberta\/recorrido-arborismo-castors.html#breadcrumb\"},\"inLanguage\":\"es\",\"potentialAction\":[{\"@type\":\"ReadAction\",\"target\":[\"https:\/\/evolution2paysbasque.com\/es\/actividades\/naturaleza\/arborismo-anglet-chiberta\/recorrido-arborismo-castors.html\"]}]},{\"@type\":\"BreadcrumbList\",\"@id\":\"https:\/\/evolution2paysbasque.com\/es\/actividades\/naturaleza\/arborismo-anglet-chiberta\/recorrido-arborismo-castors.html#breadcrumb\",\"itemListElement\":[{\"@type\":\"ListItem\",\"position\":1,\"name\":\"Accueil\",\"item\":\"https:\/\/evolution2paysbasque.com\/es\/\"},{\"@type\":\"ListItem\",\"position\":2,\"name\":\"Actividades\",\"item\":\"https:\/\/evolution2paysbasque.com\/activites\/\"},{\"@type\":\"ListItem\",\"position\":3,\"name\":\"Naturaleza\",\"item\":\"https:\/\/evolution2paysbasque.com\/activites\/nature\/\"},{\"@type\":\"ListItem\",\"position\":4,\"name\":\"Arborismo-Anglet-chiberta\",\"item\":\"https:\/\/evolution2paysbasque.com\/es\/actividades\/naturaleza\/arborismo-anglet-chiberta2\/\"},{\"@type\":\"ListItem\",\"position\":5,\"name\":\"RECORRIDO ARBORISMO CASTORS\"}]},{\"@type\":\"WebSite\",\"@id\":\"https:\/\/evolution2paysbasque.com\/#website\",\"url\":\"https:\/\/evolution2paysbasque.com\/\",\"name\":\"Activit\u00e9s et Sports Outdoor au Pays Basque\",\"description\":\"\",\"publisher\":{\"@id\":\"https:\/\/evolution2paysbasque.com\/#organization\"},\"potentialAction\":[{\"@type\":\"SearchAction\",\"target\":{\"@type\":\"EntryPoint\",\"urlTemplate\":\"https:\/\/evolution2paysbasque.com\/?s={search_term_string}\"},\"query-input\":{\"@type\":\"PropertyValueSpecification\",\"valueRequired\":true,\"valueName\":\"search_term_string\"}}],\"inLanguage\":\"es\"},{\"@type\":\"Organization\",\"@id\":\"https:\/\/evolution2paysbasque.com\/#organization\",\"name\":\"Evolution 2 Pays Basque\",\"url\":\"https:\/\/evolution2paysbasque.com\/\",\"logo\":{\"@type\":\"ImageObject\",\"inLanguage\":\"es\",\"@id\":\"https:\/\/evolution2paysbasque.com\/#\/schema\/logo\/image\/\",\"url\":\"https:\/\/evolution2paysbasque.com\/wp-content\/uploads\/2020\/06\/logo-evolution2-bas.png\",\"contentUrl\":\"https:\/\/evolution2paysbasque.com\/wp-content\/uploads\/2020\/06\/logo-evolution2-bas.png\",\"width\":307,\"height\":80,\"caption\":\"Evolution 2 Pays Basque\"},\"image\":{\"@id\":\"https:\/\/evolution2paysbasque.com\/#\/schema\/logo\/image\/\"}}]}<\/script>\n<!-- \/ Yoast SEO plugin. -->","yoast_head_json":{"title":"RECORRIDO ARBORISMO CASTORS - Activit\u00e9s et Sports Outdoor au Pays Basque","robots":{"index":"index","follow":"follow","max-snippet":"max-snippet:-1","max-image-preview":"max-image-preview:large","max-video-preview":"max-video-preview:-1"},"canonical":"https:\/\/evolution2paysbasque.com\/es\/actividades\/naturaleza\/arborismo-anglet-chiberta\/recorrido-arborismo-castors.html","og_locale":"es_ES","og_type":"article","og_title":"RECORRIDO ARBORISMO CASTORS - Activit\u00e9s et Sports Outdoor au Pays Basque","og_url":"https:\/\/evolution2paysbasque.com\/es\/actividades\/naturaleza\/arborismo-anglet-chiberta\/recorrido-arborismo-castors.html","og_site_name":"Activit\u00e9s et Sports Outdoor au Pays Basque","article_modified_time":"2023-05-27T12:55:35+00:00","twitter_card":"summary_large_image","twitter_misc":{"Tiempo de lectura":"4 minutos"},"schema":{"@context":"https:\/\/schema.org","@graph":[{"@type":"WebPage","@id":"https:\/\/evolution2paysbasque.com\/es\/actividades\/naturaleza\/arborismo-anglet-chiberta\/recorrido-arborismo-castors.html","url":"https:\/\/evolution2paysbasque.com\/es\/actividades\/naturaleza\/arborismo-anglet-chiberta\/recorrido-arborismo-castors.html","name":"RECORRIDO ARBORISMO CASTORS - Activit\u00e9s et Sports Outdoor au Pays Basque","isPartOf":{"@id":"https:\/\/evolution2paysbasque.com\/#website"},"datePublished":"2019-01-04T17:41:00+00:00","dateModified":"2023-05-27T12:55:35+00:00","breadcrumb":{"@id":"https:\/\/evolution2paysbasque.com\/es\/actividades\/naturaleza\/arborismo-anglet-chiberta\/recorrido-arborismo-castors.html#breadcrumb"},"inLanguage":"es","potentialAction":[{"@type":"ReadAction","target":["https:\/\/evolution2paysbasque.com\/es\/actividades\/naturaleza\/arborismo-anglet-chiberta\/recorrido-arborismo-castors.html"]}]},{"@type":"BreadcrumbList","@id":"https:\/\/evolution2paysbasque.com\/es\/actividades\/naturaleza\/arborismo-anglet-chiberta\/recorrido-arborismo-castors.html#breadcrumb","itemListElement":[{"@type":"ListItem","position":1,"name":"Accueil","item":"https:\/\/evolution2paysbasque.com\/es\/"},{"@type":"ListItem","position":2,"name":"Actividades","item":"https:\/\/evolution2paysbasque.com\/activites\/"},{"@type":"ListItem","position":3,"name":"Naturaleza","item":"https:\/\/evolution2paysbasque.com\/activites\/nature\/"},{"@type":"ListItem","position":4,"name":"Arborismo-Anglet-chiberta","item":"https:\/\/evolution2paysbasque.com\/es\/actividades\/naturaleza\/arborismo-anglet-chiberta2\/"},{"@type":"ListItem","position":5,"name":"RECORRIDO ARBORISMO CASTORS"}]},{"@type":"WebSite","@id":"https:\/\/evolution2paysbasque.com\/#website","url":"https:\/\/evolution2paysbasque.com\/","name":"Activit\u00e9s et Sports Outdoor au Pays Basque","description":"","publisher":{"@id":"https:\/\/evolution2paysbasque.com\/#organization"},"potentialAction":[{"@type":"SearchAction","target":{"@type":"EntryPoint","urlTemplate":"https:\/\/evolution2paysbasque.com\/?s={search_term_string}"},"query-input":{"@type":"PropertyValueSpecification","valueRequired":true,"valueName":"search_term_string"}}],"inLanguage":"es"},{"@type":"Organization","@id":"https:\/\/evolution2paysbasque.com\/#organization","name":"Evolution 2 Pays Basque","url":"https:\/\/evolution2paysbasque.com\/","logo":{"@type":"ImageObject","inLanguage":"es","@id":"https:\/\/evolution2paysbasque.com\/#\/schema\/logo\/image\/","url":"https:\/\/evolution2paysbasque.com\/wp-content\/uploads\/2020\/06\/logo-evolution2-bas.png","contentUrl":"https:\/\/evolution2paysbasque.com\/wp-content\/uploads\/2020\/06\/logo-evolution2-bas.png","width":307,"height":80,"caption":"Evolution 2 Pays Basque"},"image":{"@id":"https:\/\/evolution2paysbasque.com\/#\/schema\/logo\/image\/"}}]}},"_links":{"self":[{"href":"https:\/\/evolution2paysbasque.com\/es\/wp-json\/wp\/v2\/pages\/2212","targetHints":{"allow":["GET"]}}],"collection":[{"href":"https:\/\/evolution2paysbasque.com\/es\/wp-json\/wp\/v2\/pages"}],"about":[{"href":"https:\/\/evolution2paysbasque.com\/es\/wp-json\/wp\/v2\/types\/page"}],"author":[{"embeddable":true,"href":"https:\/\/evolution2paysbasque.com\/es\/wp-json\/wp\/v2\/users\/1"}],"replies":[{"embeddable":true,"href":"https:\/\/evolution2paysbasque.com\/es\/wp-json\/wp\/v2\/comments?post=2212"}],"version-history":[{"count":5,"href":"https:\/\/evolution2paysbasque.com\/es\/wp-json\/wp\/v2\/pages\/2212\/revisions"}],"predecessor-version":[{"id":2815,"href":"https:\/\/evolution2paysbasque.com\/es\/wp-json\/wp\/v2\/pages\/2212\/revisions\/2815"}],"up":[{"embeddable":true,"href":"https:\/\/evolution2paysbasque.com\/es\/wp-json\/wp\/v2\/pages\/2211"}],"wp:attachment":[{"href":"https:\/\/evolution2paysbasque.com\/es\/wp-json\/wp\/v2\/media?parent=2212"}],"curies":[{"name":"wp","href":"https:\/\/api.w.org\/{rel}","templated":true}]}}