{"id":2556,"date":"2021-02-05T17:06:44","date_gmt":"2021-02-05T16:06:44","guid":{"rendered":"http:\/\/evolution2paysbasque.com\/?page_id=2556"},"modified":"2021-02-08T11:38:36","modified_gmt":"2021-02-08T10:38:36","slug":"informations-covid-19","status":"publish","type":"page","link":"https:\/\/evolution2paysbasque.com\/es\/informations-covid-19\/","title":{"rendered":"Informations COVID 19"},"content":{"rendered":"<div class=\"wpb-content-wrapper\"><p>[vc_row css_animation=\u00bb\u00bb row_type=\u00bbrow\u00bb use_row_as_full_screen_section=\u00bbno\u00bb type=\u00bbfull_width\u00bb angled_section=\u00bbno\u00bb text_align=\u00bbleft\u00bb background_image_as_pattern=\u00bbwithout_pattern\u00bb][vc_column width=\u00bb1\/4&#8243;][vc_empty_space][vc_single_image image=\u00bb2422&#8243; img_size=\u00bbfull\u00bb qode_css_animation=\u00bb\u00bb][\/vc_column][vc_column width=\u00bb3\/4&#8243;][vc_empty_space][vc_column_text]<\/p>\n<p>Suite \u00e0 la pand\u00e9mie du coronavirus, nous avons pris tr\u00e8s au s\u00e9rieux la s\u00e9curit\u00e9 des futurs visiteurs et du personnel sur l&#8217;ensemble de nos activit\u00e9s.<\/p>\n<p>M\u00eame si nos activit\u00e9s sont en sommeil actuellement, nous travaillons chaque jour pour continuer d\u2019entretenir nos espaces naturels, nos installations et mat\u00e9riels. Cette p\u00e9riode d&#8217;inactivit\u00e9 prolong\u00e9e nous aura permis de proc\u00e9der \u00e0 une r\u00e9novation de certaines de nos structures d&#8217;accueil et \u00e0 une maintenance pouss\u00e9e de nos installations sportives.<\/p>\n<p>Nous profitons de cette p\u00e9riode pour am\u00e9liorer toujours plus les services et les animations que nous vous proposons, et nous \u00e9laborons des proc\u00e9dures cibl\u00e9es pour chaque activit\u00e9 afin de vous accueillir prochainement dans les meilleures conditions, dans le respect des pr\u00e9conisations gouvernementales li\u00e9es \u00e0 la crise sanitaire covid 19 .<\/p>\n<p>Nous esp\u00e9rons vous revoir tr\u00e8s prochainement sur nos diff\u00e9rents sites<\/p>\n<p>Plus d&#8217;infos sur les dates de r\u00e9ouverture sur notre site internet et sur les r\u00e9seaux sociaux<\/p>\n<p>[\/vc_column_text][vc_empty_space][\/vc_column][\/vc_row]<\/p>\n<\/div>","protected":false},"excerpt":{"rendered":"<p>[vc_row css_animation=\u00bb\u00bb row_type=\u00bbrow\u00bb use_row_as_full_screen_section=\u00bbno\u00bb type=\u00bbfull_width\u00bb angled_section=\u00bbno\u00bb text_align=\u00bbleft\u00bb background_image_as_pattern=\u00bbwithout_pattern\u00bb][vc_column width=\u00bb1\/4&#8243;][vc_empty_space][vc_single_image image=\u00bb2422&#8243; img_size=\u00bbfull\u00bb qode_css_animation=\u00bb\u00bb][\/vc_column][vc_column width=\u00bb3\/4&#8243;][vc_empty_space][vc_column_text] Suite \u00e0 la pand\u00e9mie du coronavirus, nous avons pris tr\u00e8s au s\u00e9rieux la s\u00e9curit\u00e9 des futurs visiteurs et du personnel sur l&#8217;ensemble de nos activit\u00e9s. M\u00eame si nos activit\u00e9s sont en sommeil&#8230;<\/p>\n","protected":false},"author":1,"featured_media":0,"parent":0,"menu_order":0,"comment_status":"closed","ping_status":"closed","template":"","meta":{"footnotes":""},"class_list":["post-2556","page","type-page","status-publish","hentry"],"yoast_head":"<!-- This site is optimized with the Yoast SEO plugin v27.2 - https:\/\/yoast.com\/product\/yoast-seo-wordpress\/ -->\n<title>Informations COVID 19 - Activit\u00e9s et Sports Outdoor au Pays Basque<\/title>\n<meta name=\"description\" content=\"Suite \u00e0 la pand\u00e9mie du coronavirus, nous avons pris tr\u00e8s au s\u00e9rieux la s\u00e9curit\u00e9 des futurs visiteurs et du personnel sur l&#039;ensemble de nos activit\u00e9s. M\u00eame\" \/>\n<meta name=\"robots\" content=\"index, follow, max-snippet:-1, max-image-preview:large, max-video-preview:-1\" \/>\n<link rel=\"canonical\" href=\"https:\/\/evolution2paysbasque.com\/es\/informations-covid-19\/\" \/>\n<meta property=\"og:locale\" content=\"es_ES\" \/>\n<meta property=\"og:type\" content=\"article\" \/>\n<meta property=\"og:title\" content=\"Informations COVID 19 - Activit\u00e9s et Sports Outdoor au Pays Basque\" \/>\n<meta property=\"og:description\" content=\"Suite \u00e0 la pand\u00e9mie du coronavirus, nous avons pris tr\u00e8s au s\u00e9rieux la s\u00e9curit\u00e9 des futurs visiteurs et du personnel sur l&#039;ensemble de nos activit\u00e9s. M\u00eame\" \/>\n<meta property=\"og:url\" content=\"https:\/\/evolution2paysbasque.com\/es\/informations-covid-19\/\" \/>\n<meta property=\"og:site_name\" content=\"Activit\u00e9s et Sports Outdoor au Pays Basque\" \/>\n<meta property=\"article:modified_time\" content=\"2021-02-08T10:38:36+00:00\" \/>\n<meta name=\"twitter:card\" content=\"summary_large_image\" \/>\n<meta name=\"twitter:label1\" content=\"Tiempo de lectura\" \/>\n\t<meta name=\"twitter:data1\" content=\"1 minuto\" \/>\n<script type=\"application\/ld+json\" class=\"yoast-schema-graph\">{\"@context\":\"https:\/\/schema.org\",\"@graph\":[{\"@type\":\"WebPage\",\"@id\":\"https:\/\/evolution2paysbasque.com\/es\/informations-covid-19\/\",\"url\":\"https:\/\/evolution2paysbasque.com\/es\/informations-covid-19\/\",\"name\":\"Informations COVID 19 - Activit\u00e9s et Sports Outdoor au Pays Basque\",\"isPartOf\":{\"@id\":\"https:\/\/evolution2paysbasque.com\/#website\"},\"datePublished\":\"2021-02-05T16:06:44+00:00\",\"dateModified\":\"2021-02-08T10:38:36+00:00\",\"description\":\"Suite \u00e0 la pand\u00e9mie du coronavirus, nous avons pris tr\u00e8s au s\u00e9rieux la s\u00e9curit\u00e9 des futurs visiteurs et du personnel sur l'ensemble de nos activit\u00e9s. M\u00eame\",\"breadcrumb\":{\"@id\":\"https:\/\/evolution2paysbasque.com\/es\/informations-covid-19\/#breadcrumb\"},\"inLanguage\":\"es\",\"potentialAction\":[{\"@type\":\"ReadAction\",\"target\":[\"https:\/\/evolution2paysbasque.com\/es\/informations-covid-19\/\"]}]},{\"@type\":\"BreadcrumbList\",\"@id\":\"https:\/\/evolution2paysbasque.com\/es\/informations-covid-19\/#breadcrumb\",\"itemListElement\":[{\"@type\":\"ListItem\",\"position\":1,\"name\":\"Accueil\",\"item\":\"https:\/\/evolution2paysbasque.com\/es\/\"},{\"@type\":\"ListItem\",\"position\":2,\"name\":\"Informations COVID 19\"}]},{\"@type\":\"WebSite\",\"@id\":\"https:\/\/evolution2paysbasque.com\/#website\",\"url\":\"https:\/\/evolution2paysbasque.com\/\",\"name\":\"Activit\u00e9s et Sports Outdoor au Pays Basque\",\"description\":\"\",\"publisher\":{\"@id\":\"https:\/\/evolution2paysbasque.com\/#organization\"},\"potentialAction\":[{\"@type\":\"SearchAction\",\"target\":{\"@type\":\"EntryPoint\",\"urlTemplate\":\"https:\/\/evolution2paysbasque.com\/?s={search_term_string}\"},\"query-input\":{\"@type\":\"PropertyValueSpecification\",\"valueRequired\":true,\"valueName\":\"search_term_string\"}}],\"inLanguage\":\"es\"},{\"@type\":\"Organization\",\"@id\":\"https:\/\/evolution2paysbasque.com\/#organization\",\"name\":\"Evolution 2 Pays Basque\",\"url\":\"https:\/\/evolution2paysbasque.com\/\",\"logo\":{\"@type\":\"ImageObject\",\"inLanguage\":\"es\",\"@id\":\"https:\/\/evolution2paysbasque.com\/#\/schema\/logo\/image\/\",\"url\":\"https:\/\/evolution2paysbasque.com\/wp-content\/uploads\/2020\/06\/logo-evolution2-bas.png\",\"contentUrl\":\"https:\/\/evolution2paysbasque.com\/wp-content\/uploads\/2020\/06\/logo-evolution2-bas.png\",\"width\":307,\"height\":80,\"caption\":\"Evolution 2 Pays Basque\"},\"image\":{\"@id\":\"https:\/\/evolution2paysbasque.com\/#\/schema\/logo\/image\/\"}}]}<\/script>\n<!-- \/ Yoast SEO plugin. -->","yoast_head_json":{"title":"Informations COVID 19 - Activit\u00e9s et Sports Outdoor au Pays Basque","description":"Suite \u00e0 la pand\u00e9mie du coronavirus, nous avons pris tr\u00e8s au s\u00e9rieux la s\u00e9curit\u00e9 des futurs visiteurs et du personnel sur l'ensemble de nos activit\u00e9s. M\u00eame","robots":{"index":"index","follow":"follow","max-snippet":"max-snippet:-1","max-image-preview":"max-image-preview:large","max-video-preview":"max-video-preview:-1"},"canonical":"https:\/\/evolution2paysbasque.com\/es\/informations-covid-19\/","og_locale":"es_ES","og_type":"article","og_title":"Informations COVID 19 - Activit\u00e9s et Sports Outdoor au Pays Basque","og_description":"Suite \u00e0 la pand\u00e9mie du coronavirus, nous avons pris tr\u00e8s au s\u00e9rieux la s\u00e9curit\u00e9 des futurs visiteurs et du personnel sur l'ensemble de nos activit\u00e9s. M\u00eame","og_url":"https:\/\/evolution2paysbasque.com\/es\/informations-covid-19\/","og_site_name":"Activit\u00e9s et Sports Outdoor au Pays Basque","article_modified_time":"2021-02-08T10:38:36+00:00","twitter_card":"summary_large_image","twitter_misc":{"Tiempo de lectura":"1 minuto"},"schema":{"@context":"https:\/\/schema.org","@graph":[{"@type":"WebPage","@id":"https:\/\/evolution2paysbasque.com\/es\/informations-covid-19\/","url":"https:\/\/evolution2paysbasque.com\/es\/informations-covid-19\/","name":"Informations COVID 19 - Activit\u00e9s et Sports Outdoor au Pays Basque","isPartOf":{"@id":"https:\/\/evolution2paysbasque.com\/#website"},"datePublished":"2021-02-05T16:06:44+00:00","dateModified":"2021-02-08T10:38:36+00:00","description":"Suite \u00e0 la pand\u00e9mie du coronavirus, nous avons pris tr\u00e8s au s\u00e9rieux la s\u00e9curit\u00e9 des futurs visiteurs et du personnel sur l'ensemble de nos activit\u00e9s. M\u00eame","breadcrumb":{"@id":"https:\/\/evolution2paysbasque.com\/es\/informations-covid-19\/#breadcrumb"},"inLanguage":"es","potentialAction":[{"@type":"ReadAction","target":["https:\/\/evolution2paysbasque.com\/es\/informations-covid-19\/"]}]},{"@type":"BreadcrumbList","@id":"https:\/\/evolution2paysbasque.com\/es\/informations-covid-19\/#breadcrumb","itemListElement":[{"@type":"ListItem","position":1,"name":"Accueil","item":"https:\/\/evolution2paysbasque.com\/es\/"},{"@type":"ListItem","position":2,"name":"Informations COVID 19"}]},{"@type":"WebSite","@id":"https:\/\/evolution2paysbasque.com\/#website","url":"https:\/\/evolution2paysbasque.com\/","name":"Activit\u00e9s et Sports Outdoor au Pays Basque","description":"","publisher":{"@id":"https:\/\/evolution2paysbasque.com\/#organization"},"potentialAction":[{"@type":"SearchAction","target":{"@type":"EntryPoint","urlTemplate":"https:\/\/evolution2paysbasque.com\/?s={search_term_string}"},"query-input":{"@type":"PropertyValueSpecification","valueRequired":true,"valueName":"search_term_string"}}],"inLanguage":"es"},{"@type":"Organization","@id":"https:\/\/evolution2paysbasque.com\/#organization","name":"Evolution 2 Pays Basque","url":"https:\/\/evolution2paysbasque.com\/","logo":{"@type":"ImageObject","inLanguage":"es","@id":"https:\/\/evolution2paysbasque.com\/#\/schema\/logo\/image\/","url":"https:\/\/evolution2paysbasque.com\/wp-content\/uploads\/2020\/06\/logo-evolution2-bas.png","contentUrl":"https:\/\/evolution2paysbasque.com\/wp-content\/uploads\/2020\/06\/logo-evolution2-bas.png","width":307,"height":80,"caption":"Evolution 2 Pays Basque"},"image":{"@id":"https:\/\/evolution2paysbasque.com\/#\/schema\/logo\/image\/"}}]}},"_links":{"self":[{"href":"https:\/\/evolution2paysbasque.com\/es\/wp-json\/wp\/v2\/pages\/2556","targetHints":{"allow":["GET"]}}],"collection":[{"href":"https:\/\/evolution2paysbasque.com\/es\/wp-json\/wp\/v2\/pages"}],"about":[{"href":"https:\/\/evolution2paysbasque.com\/es\/wp-json\/wp\/v2\/types\/page"}],"author":[{"embeddable":true,"href":"https:\/\/evolution2paysbasque.com\/es\/wp-json\/wp\/v2\/users\/1"}],"replies":[{"embeddable":true,"href":"https:\/\/evolution2paysbasque.com\/es\/wp-json\/wp\/v2\/comments?post=2556"}],"version-history":[{"count":1,"href":"https:\/\/evolution2paysbasque.com\/es\/wp-json\/wp\/v2\/pages\/2556\/revisions"}],"predecessor-version":[{"id":2632,"href":"https:\/\/evolution2paysbasque.com\/es\/wp-json\/wp\/v2\/pages\/2556\/revisions\/2632"}],"wp:attachment":[{"href":"https:\/\/evolution2paysbasque.com\/es\/wp-json\/wp\/v2\/media?parent=2556"}],"curies":[{"name":"wp","href":"https:\/\/api.w.org\/{rel}","templated":true}]}}