{"id":415,"date":"2018-04-27T17:05:21","date_gmt":"2018-04-27T17:05:21","guid":{"rendered":"http:\/\/bridge224.qodeinteractive.com\/?page_id=415"},"modified":"2021-02-06T12:38:15","modified_gmt":"2021-02-06T11:38:15","slug":"test-page","status":"publish","type":"page","link":"https:\/\/evolution2paysbasque.com\/es\/test-page\/","title":{"rendered":"Prix mod\u00e8le"},"content":{"rendered":"<div class=\"wpb-content-wrapper\"><p>[vc_row css_animation=\u00bb\u00bb row_type=\u00bbrow\u00bb use_row_as_full_screen_section=\u00bbno\u00bb type=\u00bbfull_width\u00bb angled_section=\u00bbno\u00bb text_align=\u00bbleft\u00bb background_image_as_pattern=\u00bbwithout_pattern\u00bb][vc_column]<div class=\"qode-advanced-pricing-list\">\n\t<div class=\"qode-apl-header\">\n\t\t<div class=\"qode-apl-title-holder\">\n\t\t\t<h3 class=\"qode-apl-title\" >\n\t\t\t\tTus caminatas\t\t\t<\/h3>\n\t\t<\/div>\n\t<\/div>\n\t<div class=\"qode-apl-items\">\n\t\t\t\t\t\t<div class=\"qode-apl-item\">\n\t\t\t\t\t<div class=\"qode-apl-item-top\">\n\t\t\t\t\t\t<h4 class=\"qode-apl-item-title\" >\n\t\t\t\t\t\t\tCaminata guiada Anglet-Bayona 2h30\t\t\t\t\t\t<\/h4>\n\t\t\t\t\t\t<div class=\"qode-apl-line\" style=\"border-style:solid\"><\/div>\n\t\t\t\t\t\t<h4 class=\"qode-apl-item-price\" >\n\t\t\t\t\t\t\t40 \u20ac\t\t\t\t\t\t<\/h4>\n\t\t\t\t\t<\/div>\n\t\t\t\t\t\t\t\t\t\t\t<div class=\"qode-apl-item-bottom\">\n\t\t\t\t\t\t\t<div class=\"qode-apl-item-description\" >\n\t\t\t\t\t\t\t\tPasee por las playas, luego por la orilla del r\u00edo Vasco Adour (carril bici) que le llevar\u00e1 al centro de Bayona. (bicicleta incluida)\t\t\t\t\t\t\t<\/div>\n\t\t\t\t\t\t<\/div>\n\t\t\t\t\t\t\t\t\t<\/div>\n\t\t\t\t\t\t\t<div class=\"qode-apl-item\">\n\t\t\t\t\t<div class=\"qode-apl-item-top\">\n\t\t\t\t\t\t<h4 class=\"qode-apl-item-title\" >\n\t\t\t\t\t\t\tPaseo en bicicleta de monta\u00f1a 3 horas + transporte ida y vuelta 1 hora\t\t\t\t\t\t<\/h4>\n\t\t\t\t\t\t<div class=\"qode-apl-line\" style=\"border-style:solid\"><\/div>\n\t\t\t\t\t\t<h4 class=\"qode-apl-item-price\" >\n\t\t\t\t\t\t\t50 \u20ac\t\t\t\t\t\t<\/h4>\n\t\t\t\t\t<\/div>\n\t\t\t\t\t\t\t\t\t\t\t<div class=\"qode-apl-item-bottom\">\n\t\t\t\t\t\t\t<div class=\"qode-apl-item-description\" >\n\t\t\t\t\t\t\t\tExcursi\u00f3n con asesoramiento t\u00e9cnico en el coraz\u00f3n del Pa\u00eds Vasco o Landas. Bicicleta de monta\u00f1a, casco y transporte in situ desde Anglet incluido. (Con su equipo personal : 35 \u20ac)\t\t\t\t\t\t\t<\/div>\n\t\t\t\t\t\t<\/div>\n\t\t\t\t\t\t\t\t\t<\/div>\n\t\t\t\t\t\t\t<div class=\"qode-apl-item\">\n\t\t\t\t\t<div class=\"qode-apl-item-top\">\n\t\t\t\t\t\t<h4 class=\"qode-apl-item-title\" >\n\t\t\t\t\t\t\tCaminata nocturna 1h30\t\t\t\t\t\t<\/h4>\n\t\t\t\t\t\t<div class=\"qode-apl-line\" style=\"border-style:solid\"><\/div>\n\t\t\t\t\t\t<h4 class=\"qode-apl-item-price\" >\n\t\t\t\t\t\t\t30 \u20ac\t\t\t\t\t\t<\/h4>\n\t\t\t\t\t<\/div>\n\t\t\t\t\t\t\t\t\t\t\t<div class=\"qode-apl-item-bottom\">\n\t\t\t\t\t\t\t<div class=\"qode-apl-item-description\" >\n\t\t\t\t\t\t\t\tVen y descubre una nueva forma de andar en bicicleta. 1h30 de iniciaci\u00f3n a la BTT nocturna en pistas individuales del bosque de Chiberta. (bicicleta, casco y faro incluidos)\t\t\t\t\t\t\t<\/div>\n\t\t\t\t\t\t<\/div>\n\t\t\t\t\t\t\t\t\t<\/div>\n\t\t\t\t<\/div>\n<\/div>[vc_empty_space][vc_column_text]<\/p>\n<h3><b> Clases particulares <\/b><\/h3>\n<p><strong> \u00a1\u00a1\u00a1Un monitor solo para ti !!! <\/strong><\/p>\n<p style=\"text-align: justify;\">Las lecciones privadas son la forma m\u00e1s r\u00e1pida de aprender. Aprender a cualquier edad (a partir de los 3 a\u00f1os) gracias a un m\u00e9todo simple pero efectivo.<\/p>\n<p>[\/vc_column_text]<div class=\"qode-advanced-pricing-list\">\n\t<div class=\"qode-apl-header\">\n\t\t<div class=\"qode-apl-title-holder\">\n\t\t\t<h3 class=\"qode-apl-title\" >\n\t\t\t\t\t\t\t<\/h3>\n\t\t<\/div>\n\t<\/div>\n\t<div class=\"qode-apl-items\">\n\t\t\t\t\t\t<div class=\"qode-apl-item\">\n\t\t\t\t\t<div class=\"qode-apl-item-top\">\n\t\t\t\t\t\t<h4 class=\"qode-apl-item-title\" >\n\t\t\t\t\t\t\t1 persona 1h\t\t\t\t\t\t<\/h4>\n\t\t\t\t\t\t<div class=\"qode-apl-line\" style=\"border-style:solid\"><\/div>\n\t\t\t\t\t\t<h4 class=\"qode-apl-item-price\" >\n\t\t\t\t\t\t\t50 \u20ac\t\t\t\t\t\t<\/h4>\n\t\t\t\t\t<\/div>\n\t\t\t\t\t\t\t\t\t\t\t<div class=\"qode-apl-item-bottom\">\n\t\t\t\t\t\t\t<div class=\"qode-apl-item-description\" >\n\t\t\t\t\t\t\t\tBicicleta y casco incluidos (20 \u20ac \/ Persona adicional)\t\t\t\t\t\t\t<\/div>\n\t\t\t\t\t\t<\/div>\n\t\t\t\t\t\t\t\t\t<\/div>\n\t\t\t\t\t\t\t<div class=\"qode-apl-item\">\n\t\t\t\t\t<div class=\"qode-apl-item-top\">\n\t\t\t\t\t\t<h4 class=\"qode-apl-item-title\" >\n\t\t\t\t\t\t\tPaquete de 3 horas\t\t\t\t\t\t<\/h4>\n\t\t\t\t\t\t<div class=\"qode-apl-line\" style=\"border-style:solid\"><\/div>\n\t\t\t\t\t\t<h4 class=\"qode-apl-item-price\" >\n\t\t\t\t\t\t\t130\u20ac\t\t\t\t\t\t<\/h4>\n\t\t\t\t\t<\/div>\n\t\t\t\t\t\t\t\t\t\t\t<div class=\"qode-apl-item-bottom\">\n\t\t\t\t\t\t\t<div class=\"qode-apl-item-description\" >\n\t\t\t\t\t\t\t\tBicicleta y casco incluidos (45 \u20ac \/ Persona adicional)\t\t\t\t\t\t\t<\/div>\n\t\t\t\t\t\t<\/div>\n\t\t\t\t\t\t\t\t\t<\/div>\n\t\t\t\t<\/div>\n<\/div>[vc_empty_space]<div class=\"qode-advanced-pricing-list\">\n\t<div class=\"qode-apl-header\">\n\t\t<div class=\"qode-apl-title-holder\">\n\t\t\t<h3 class=\"qode-apl-title\" >\n\t\t\t\tAlquiler de bicicletas:\t\t\t<\/h3>\n\t\t<\/div>\n\t<\/div>\n\t<div class=\"qode-apl-items\">\n\t\t\t\t\t\t<div class=\"qode-apl-item\">\n\t\t\t\t\t<div class=\"qode-apl-item-top\">\n\t\t\t\t\t\t<h4 class=\"qode-apl-item-title\" >\n\t\t\t\t\t\t\tD\u00eda del Ni\u00f1o\t\t\t\t\t\t<\/h4>\n\t\t\t\t\t\t<div class=\"qode-apl-line\" style=\"border-style:solid\"><\/div>\n\t\t\t\t\t\t<h4 class=\"qode-apl-item-price\" >\n\t\t\t\t\t\t\t10 \u20ac\t\t\t\t\t\t<\/h4>\n\t\t\t\t\t<\/div>\n\t\t\t\t\t\t\t\t\t<\/div>\n\t\t\t\t\t\t\t<div class=\"qode-apl-item\">\n\t\t\t\t\t<div class=\"qode-apl-item-top\">\n\t\t\t\t\t\t<h4 class=\"qode-apl-item-title\" >\n\t\t\t\t\t\t\tUrbano de d\u00eda\t\t\t\t\t\t<\/h4>\n\t\t\t\t\t\t<div class=\"qode-apl-line\" style=\"border-style:solid\"><\/div>\n\t\t\t\t\t\t<h4 class=\"qode-apl-item-price\" >\n\t\t\t\t\t\t\t12 \u20ac\t\t\t\t\t\t<\/h4>\n\t\t\t\t\t<\/div>\n\t\t\t\t\t\t\t\t\t<\/div>\n\t\t\t\t\t\t\t<div class=\"qode-apl-item\">\n\t\t\t\t\t<div class=\"qode-apl-item-top\">\n\t\t\t\t\t\t<h4 class=\"qode-apl-item-title\" >\n\t\t\t\t\t\t\tMTB durante el d\u00eda\t\t\t\t\t\t<\/h4>\n\t\t\t\t\t\t<div class=\"qode-apl-line\" style=\"border-style:solid\"><\/div>\n\t\t\t\t\t\t<h4 class=\"qode-apl-item-price\" >\n\t\t\t\t\t\t\t16 \u20ac\t\t\t\t\t\t<\/h4>\n\t\t\t\t\t<\/div>\n\t\t\t\t\t\t\t\t\t<\/div>\n\t\t\t\t<\/div>\n<\/div>[vc_empty_space][\/vc_column][\/vc_row]<\/p>\n<\/div>","protected":false},"excerpt":{"rendered":"<p>[vc_row css_animation=\u00bb\u00bb row_type=\u00bbrow\u00bb use_row_as_full_screen_section=\u00bbno\u00bb type=\u00bbfull_width\u00bb angled_section=\u00bbno\u00bb text_align=\u00bbleft\u00bb background_image_as_pattern=\u00bbwithout_pattern\u00bb][vc_column][vc_empty_space][vc_column_text] Clases particulares \u00a1\u00a1\u00a1Un monitor solo para ti !!! Las lecciones privadas son la forma m\u00e1s r\u00e1pida de aprender. Aprender a cualquier edad (a partir de los 3 a\u00f1os) gracias a un m\u00e9todo simple pero efectivo. [\/vc_column_text][vc_empty_space][vc_empty_space][\/vc_column][\/vc_row]<\/p>\n","protected":false},"author":1,"featured_media":0,"parent":0,"menu_order":10,"comment_status":"closed","ping_status":"closed","template":"","meta":{"footnotes":""},"class_list":["post-415","page","type-page","status-publish","hentry"],"yoast_head":"<!-- This site is optimized with the Yoast SEO plugin v27.2 - https:\/\/yoast.com\/product\/yoast-seo-wordpress\/ -->\n<title>Prix mod\u00e8le - Activit\u00e9s et Sports Outdoor au Pays Basque<\/title>\n<meta name=\"description\" content=\"Clases particulares \u00a1\u00a1\u00a1Un monitor solo para ti !!! Las lecciones privadas son la forma m\u00e1s r\u00e1pida de aprender. Aprender a cualquier edad (a partir de los\" \/>\n<meta name=\"robots\" content=\"index, follow, max-snippet:-1, max-image-preview:large, max-video-preview:-1\" \/>\n<link rel=\"canonical\" href=\"https:\/\/evolution2paysbasque.com\/test-page\/\" \/>\n<meta property=\"og:locale\" content=\"es_ES\" \/>\n<meta property=\"og:type\" content=\"article\" \/>\n<meta property=\"og:title\" content=\"Prix mod\u00e8le - Activit\u00e9s et Sports Outdoor au Pays Basque\" \/>\n<meta property=\"og:description\" content=\"Clases particulares \u00a1\u00a1\u00a1Un monitor solo para ti !!! Las lecciones privadas son la forma m\u00e1s r\u00e1pida de aprender. Aprender a cualquier edad (a partir de los\" \/>\n<meta property=\"og:url\" content=\"https:\/\/evolution2paysbasque.com\/test-page\/\" \/>\n<meta property=\"og:site_name\" content=\"Activit\u00e9s et Sports Outdoor au Pays Basque\" \/>\n<meta property=\"article:modified_time\" content=\"2021-02-06T11:38:15+00:00\" \/>\n<meta name=\"twitter:card\" content=\"summary_large_image\" \/>\n<meta name=\"twitter:label1\" content=\"Tiempo de lectura\" \/>\n\t<meta name=\"twitter:data1\" content=\"1 minuto\" \/>\n<script type=\"application\/ld+json\" class=\"yoast-schema-graph\">{\"@context\":\"https:\/\/schema.org\",\"@graph\":[{\"@type\":\"WebPage\",\"@id\":\"https:\/\/evolution2paysbasque.com\/test-page\/\",\"url\":\"https:\/\/evolution2paysbasque.com\/test-page\/\",\"name\":\"Prix mod\u00e8le - Activit\u00e9s et Sports Outdoor au Pays Basque\",\"isPartOf\":{\"@id\":\"https:\/\/evolution2paysbasque.com\/#website\"},\"datePublished\":\"2018-04-27T17:05:21+00:00\",\"dateModified\":\"2021-02-06T11:38:15+00:00\",\"description\":\"Clases particulares \u00a1\u00a1\u00a1Un monitor solo para ti !!! Las lecciones privadas son la forma m\u00e1s r\u00e1pida de aprender. Aprender a cualquier edad (a partir de los\",\"breadcrumb\":{\"@id\":\"https:\/\/evolution2paysbasque.com\/test-page\/#breadcrumb\"},\"inLanguage\":\"es\",\"potentialAction\":[{\"@type\":\"ReadAction\",\"target\":[\"https:\/\/evolution2paysbasque.com\/test-page\/\"]}]},{\"@type\":\"BreadcrumbList\",\"@id\":\"https:\/\/evolution2paysbasque.com\/test-page\/#breadcrumb\",\"itemListElement\":[{\"@type\":\"ListItem\",\"position\":1,\"name\":\"Accueil\",\"item\":\"https:\/\/evolution2paysbasque.com\/es\/\"},{\"@type\":\"ListItem\",\"position\":2,\"name\":\"Prix mod\u00e8le\"}]},{\"@type\":\"WebSite\",\"@id\":\"https:\/\/evolution2paysbasque.com\/#website\",\"url\":\"https:\/\/evolution2paysbasque.com\/\",\"name\":\"Activit\u00e9s et Sports Outdoor au Pays Basque\",\"description\":\"\",\"publisher\":{\"@id\":\"https:\/\/evolution2paysbasque.com\/#organization\"},\"potentialAction\":[{\"@type\":\"SearchAction\",\"target\":{\"@type\":\"EntryPoint\",\"urlTemplate\":\"https:\/\/evolution2paysbasque.com\/?s={search_term_string}\"},\"query-input\":{\"@type\":\"PropertyValueSpecification\",\"valueRequired\":true,\"valueName\":\"search_term_string\"}}],\"inLanguage\":\"es\"},{\"@type\":\"Organization\",\"@id\":\"https:\/\/evolution2paysbasque.com\/#organization\",\"name\":\"Evolution 2 Pays Basque\",\"url\":\"https:\/\/evolution2paysbasque.com\/\",\"logo\":{\"@type\":\"ImageObject\",\"inLanguage\":\"es\",\"@id\":\"https:\/\/evolution2paysbasque.com\/#\/schema\/logo\/image\/\",\"url\":\"https:\/\/evolution2paysbasque.com\/wp-content\/uploads\/2020\/06\/logo-evolution2-bas.png\",\"contentUrl\":\"https:\/\/evolution2paysbasque.com\/wp-content\/uploads\/2020\/06\/logo-evolution2-bas.png\",\"width\":307,\"height\":80,\"caption\":\"Evolution 2 Pays Basque\"},\"image\":{\"@id\":\"https:\/\/evolution2paysbasque.com\/#\/schema\/logo\/image\/\"}}]}<\/script>\n<!-- \/ Yoast SEO plugin. -->","yoast_head_json":{"title":"Prix mod\u00e8le - Activit\u00e9s et Sports Outdoor au Pays Basque","description":"Clases particulares \u00a1\u00a1\u00a1Un monitor solo para ti !!! Las lecciones privadas son la forma m\u00e1s r\u00e1pida de aprender. Aprender a cualquier edad (a partir de los","robots":{"index":"index","follow":"follow","max-snippet":"max-snippet:-1","max-image-preview":"max-image-preview:large","max-video-preview":"max-video-preview:-1"},"canonical":"https:\/\/evolution2paysbasque.com\/test-page\/","og_locale":"es_ES","og_type":"article","og_title":"Prix mod\u00e8le - Activit\u00e9s et Sports Outdoor au Pays Basque","og_description":"Clases particulares \u00a1\u00a1\u00a1Un monitor solo para ti !!! Las lecciones privadas son la forma m\u00e1s r\u00e1pida de aprender. Aprender a cualquier edad (a partir de los","og_url":"https:\/\/evolution2paysbasque.com\/test-page\/","og_site_name":"Activit\u00e9s et Sports Outdoor au Pays Basque","article_modified_time":"2021-02-06T11:38:15+00:00","twitter_card":"summary_large_image","twitter_misc":{"Tiempo de lectura":"1 minuto"},"schema":{"@context":"https:\/\/schema.org","@graph":[{"@type":"WebPage","@id":"https:\/\/evolution2paysbasque.com\/test-page\/","url":"https:\/\/evolution2paysbasque.com\/test-page\/","name":"Prix mod\u00e8le - Activit\u00e9s et Sports Outdoor au Pays Basque","isPartOf":{"@id":"https:\/\/evolution2paysbasque.com\/#website"},"datePublished":"2018-04-27T17:05:21+00:00","dateModified":"2021-02-06T11:38:15+00:00","description":"Clases particulares \u00a1\u00a1\u00a1Un monitor solo para ti !!! Las lecciones privadas son la forma m\u00e1s r\u00e1pida de aprender. Aprender a cualquier edad (a partir de los","breadcrumb":{"@id":"https:\/\/evolution2paysbasque.com\/test-page\/#breadcrumb"},"inLanguage":"es","potentialAction":[{"@type":"ReadAction","target":["https:\/\/evolution2paysbasque.com\/test-page\/"]}]},{"@type":"BreadcrumbList","@id":"https:\/\/evolution2paysbasque.com\/test-page\/#breadcrumb","itemListElement":[{"@type":"ListItem","position":1,"name":"Accueil","item":"https:\/\/evolution2paysbasque.com\/es\/"},{"@type":"ListItem","position":2,"name":"Prix mod\u00e8le"}]},{"@type":"WebSite","@id":"https:\/\/evolution2paysbasque.com\/#website","url":"https:\/\/evolution2paysbasque.com\/","name":"Activit\u00e9s et Sports Outdoor au Pays Basque","description":"","publisher":{"@id":"https:\/\/evolution2paysbasque.com\/#organization"},"potentialAction":[{"@type":"SearchAction","target":{"@type":"EntryPoint","urlTemplate":"https:\/\/evolution2paysbasque.com\/?s={search_term_string}"},"query-input":{"@type":"PropertyValueSpecification","valueRequired":true,"valueName":"search_term_string"}}],"inLanguage":"es"},{"@type":"Organization","@id":"https:\/\/evolution2paysbasque.com\/#organization","name":"Evolution 2 Pays Basque","url":"https:\/\/evolution2paysbasque.com\/","logo":{"@type":"ImageObject","inLanguage":"es","@id":"https:\/\/evolution2paysbasque.com\/#\/schema\/logo\/image\/","url":"https:\/\/evolution2paysbasque.com\/wp-content\/uploads\/2020\/06\/logo-evolution2-bas.png","contentUrl":"https:\/\/evolution2paysbasque.com\/wp-content\/uploads\/2020\/06\/logo-evolution2-bas.png","width":307,"height":80,"caption":"Evolution 2 Pays Basque"},"image":{"@id":"https:\/\/evolution2paysbasque.com\/#\/schema\/logo\/image\/"}}]}},"_links":{"self":[{"href":"https:\/\/evolution2paysbasque.com\/es\/wp-json\/wp\/v2\/pages\/415","targetHints":{"allow":["GET"]}}],"collection":[{"href":"https:\/\/evolution2paysbasque.com\/es\/wp-json\/wp\/v2\/pages"}],"about":[{"href":"https:\/\/evolution2paysbasque.com\/es\/wp-json\/wp\/v2\/types\/page"}],"author":[{"embeddable":true,"href":"https:\/\/evolution2paysbasque.com\/es\/wp-json\/wp\/v2\/users\/1"}],"replies":[{"embeddable":true,"href":"https:\/\/evolution2paysbasque.com\/es\/wp-json\/wp\/v2\/comments?post=415"}],"version-history":[{"count":4,"href":"https:\/\/evolution2paysbasque.com\/es\/wp-json\/wp\/v2\/pages\/415\/revisions"}],"predecessor-version":[{"id":2795,"href":"https:\/\/evolution2paysbasque.com\/es\/wp-json\/wp\/v2\/pages\/415\/revisions\/2795"}],"wp:attachment":[{"href":"https:\/\/evolution2paysbasque.com\/es\/wp-json\/wp\/v2\/media?parent=415"}],"curies":[{"name":"wp","href":"https:\/\/api.w.org\/{rel}","templated":true}]}}