{"id":545,"date":"2018-12-23T11:48:02","date_gmt":"2018-12-23T10:48:02","guid":{"rendered":"http:\/\/evolution2paysbasque.com\/?page_id=545"},"modified":"2021-03-09T15:35:16","modified_gmt":"2021-03-09T14:35:16","slug":"cgv","status":"publish","type":"page","link":"https:\/\/evolution2paysbasque.com\/es\/cgv\/","title":{"rendered":"CGV"},"content":{"rendered":"<div class=\"wpb-content-wrapper\"><p>[vc_row css_animation=\u00bb\u00bb row_type=\u00bbrow\u00bb use_row_as_full_screen_section=\u00bbno\u00bb type=\u00bbfull_width\u00bb angled_section=\u00bbno\u00bb text_align=\u00bbleft\u00bb background_image_as_pattern=\u00bbwithout_pattern\u00bb][vc_column][vc_column_text]Je suis un bloc de texte, cliquez sur le bouton \\\u00bb\u00e9diter\\\u00bb pour me modifier. Lorem ipsum dolor sit amet, consectetur adipiscing elit. Ut elit tellus, luctus nec ullamcorper mattis, pulvinar dapibus leo.[\/vc_column_text][\/vc_column][\/vc_row]<\/p>\n<\/div>","protected":false},"excerpt":{"rendered":"<p>[vc_row css_animation=\u00bb\u00bb row_type=\u00bbrow\u00bb use_row_as_full_screen_section=\u00bbno\u00bb type=\u00bbfull_width\u00bb angled_section=\u00bbno\u00bb text_align=\u00bbleft\u00bb background_image_as_pattern=\u00bbwithout_pattern\u00bb][vc_column][vc_column_text]Je suis un bloc de texte, cliquez sur le bouton \\\u00bb\u00e9diter\\\u00bb pour me modifier. Lorem ipsum dolor sit amet, consectetur adipiscing elit. Ut elit tellus, luctus nec ullamcorper mattis, pulvinar dapibus leo.[\/vc_column_text][\/vc_column][\/vc_row]<\/p>\n","protected":false},"author":1,"featured_media":0,"parent":0,"menu_order":10,"comment_status":"closed","ping_status":"closed","template":"","meta":{"footnotes":""},"class_list":["post-545","page","type-page","status-publish","hentry"],"yoast_head":"<!-- This site is optimized with the Yoast SEO plugin v27.2 - https:\/\/yoast.com\/product\/yoast-seo-wordpress\/ -->\n<title>CGV - Activit\u00e9s et Sports Outdoor au Pays Basque<\/title>\n<meta name=\"description\" content=\"Retrouvez l&#039;int\u00e9gralit\u00e9 des conditions g\u00e9n\u00e9rales de vente d&#039;Evolution 2 Pays Basque, outdoor specialist\" \/>\n<meta name=\"robots\" content=\"index, follow, max-snippet:-1, max-image-preview:large, max-video-preview:-1\" \/>\n<link rel=\"canonical\" href=\"https:\/\/evolution2paysbasque.com\/cgv\/\" \/>\n<meta property=\"og:locale\" content=\"es_ES\" \/>\n<meta property=\"og:type\" content=\"article\" \/>\n<meta property=\"og:title\" content=\"CGV - Activit\u00e9s et Sports Outdoor au Pays Basque\" \/>\n<meta property=\"og:description\" content=\"Retrouvez l&#039;int\u00e9gralit\u00e9 des conditions g\u00e9n\u00e9rales de vente d&#039;Evolution 2 Pays Basque, outdoor specialist\" \/>\n<meta property=\"og:url\" content=\"https:\/\/evolution2paysbasque.com\/cgv\/\" \/>\n<meta property=\"og:site_name\" content=\"Activit\u00e9s et Sports Outdoor au Pays Basque\" \/>\n<meta property=\"article:modified_time\" content=\"2021-03-09T14:35:16+00:00\" \/>\n<meta name=\"twitter:card\" content=\"summary_large_image\" \/>\n<script type=\"application\/ld+json\" class=\"yoast-schema-graph\">{\"@context\":\"https:\/\/schema.org\",\"@graph\":[{\"@type\":\"WebPage\",\"@id\":\"https:\/\/evolution2paysbasque.com\/cgv\/\",\"url\":\"https:\/\/evolution2paysbasque.com\/cgv\/\",\"name\":\"CGV - Activit\u00e9s et Sports Outdoor au Pays Basque\",\"isPartOf\":{\"@id\":\"https:\/\/evolution2paysbasque.com\/#website\"},\"datePublished\":\"2018-12-23T10:48:02+00:00\",\"dateModified\":\"2021-03-09T14:35:16+00:00\",\"description\":\"Retrouvez l'int\u00e9gralit\u00e9 des conditions g\u00e9n\u00e9rales de vente d'Evolution 2 Pays Basque, outdoor specialist\",\"breadcrumb\":{\"@id\":\"https:\/\/evolution2paysbasque.com\/cgv\/#breadcrumb\"},\"inLanguage\":\"es\",\"potentialAction\":[{\"@type\":\"ReadAction\",\"target\":[\"https:\/\/evolution2paysbasque.com\/cgv\/\"]}]},{\"@type\":\"BreadcrumbList\",\"@id\":\"https:\/\/evolution2paysbasque.com\/cgv\/#breadcrumb\",\"itemListElement\":[{\"@type\":\"ListItem\",\"position\":1,\"name\":\"Accueil\",\"item\":\"https:\/\/evolution2paysbasque.com\/es\/\"},{\"@type\":\"ListItem\",\"position\":2,\"name\":\"CGV\"}]},{\"@type\":\"WebSite\",\"@id\":\"https:\/\/evolution2paysbasque.com\/#website\",\"url\":\"https:\/\/evolution2paysbasque.com\/\",\"name\":\"Activit\u00e9s et Sports Outdoor au Pays Basque\",\"description\":\"\",\"publisher\":{\"@id\":\"https:\/\/evolution2paysbasque.com\/#organization\"},\"potentialAction\":[{\"@type\":\"SearchAction\",\"target\":{\"@type\":\"EntryPoint\",\"urlTemplate\":\"https:\/\/evolution2paysbasque.com\/?s={search_term_string}\"},\"query-input\":{\"@type\":\"PropertyValueSpecification\",\"valueRequired\":true,\"valueName\":\"search_term_string\"}}],\"inLanguage\":\"es\"},{\"@type\":\"Organization\",\"@id\":\"https:\/\/evolution2paysbasque.com\/#organization\",\"name\":\"Evolution 2 Pays Basque\",\"url\":\"https:\/\/evolution2paysbasque.com\/\",\"logo\":{\"@type\":\"ImageObject\",\"inLanguage\":\"es\",\"@id\":\"https:\/\/evolution2paysbasque.com\/#\/schema\/logo\/image\/\",\"url\":\"https:\/\/evolution2paysbasque.com\/wp-content\/uploads\/2020\/06\/logo-evolution2-bas.png\",\"contentUrl\":\"https:\/\/evolution2paysbasque.com\/wp-content\/uploads\/2020\/06\/logo-evolution2-bas.png\",\"width\":307,\"height\":80,\"caption\":\"Evolution 2 Pays Basque\"},\"image\":{\"@id\":\"https:\/\/evolution2paysbasque.com\/#\/schema\/logo\/image\/\"}}]}<\/script>\n<!-- \/ Yoast SEO plugin. -->","yoast_head_json":{"title":"CGV - Activit\u00e9s et Sports Outdoor au Pays Basque","description":"Retrouvez l'int\u00e9gralit\u00e9 des conditions g\u00e9n\u00e9rales de vente d'Evolution 2 Pays Basque, outdoor specialist","robots":{"index":"index","follow":"follow","max-snippet":"max-snippet:-1","max-image-preview":"max-image-preview:large","max-video-preview":"max-video-preview:-1"},"canonical":"https:\/\/evolution2paysbasque.com\/cgv\/","og_locale":"es_ES","og_type":"article","og_title":"CGV - Activit\u00e9s et Sports Outdoor au Pays Basque","og_description":"Retrouvez l'int\u00e9gralit\u00e9 des conditions g\u00e9n\u00e9rales de vente d'Evolution 2 Pays Basque, outdoor specialist","og_url":"https:\/\/evolution2paysbasque.com\/cgv\/","og_site_name":"Activit\u00e9s et Sports Outdoor au Pays Basque","article_modified_time":"2021-03-09T14:35:16+00:00","twitter_card":"summary_large_image","schema":{"@context":"https:\/\/schema.org","@graph":[{"@type":"WebPage","@id":"https:\/\/evolution2paysbasque.com\/cgv\/","url":"https:\/\/evolution2paysbasque.com\/cgv\/","name":"CGV - Activit\u00e9s et Sports Outdoor au Pays Basque","isPartOf":{"@id":"https:\/\/evolution2paysbasque.com\/#website"},"datePublished":"2018-12-23T10:48:02+00:00","dateModified":"2021-03-09T14:35:16+00:00","description":"Retrouvez l'int\u00e9gralit\u00e9 des conditions g\u00e9n\u00e9rales de vente d'Evolution 2 Pays Basque, outdoor specialist","breadcrumb":{"@id":"https:\/\/evolution2paysbasque.com\/cgv\/#breadcrumb"},"inLanguage":"es","potentialAction":[{"@type":"ReadAction","target":["https:\/\/evolution2paysbasque.com\/cgv\/"]}]},{"@type":"BreadcrumbList","@id":"https:\/\/evolution2paysbasque.com\/cgv\/#breadcrumb","itemListElement":[{"@type":"ListItem","position":1,"name":"Accueil","item":"https:\/\/evolution2paysbasque.com\/es\/"},{"@type":"ListItem","position":2,"name":"CGV"}]},{"@type":"WebSite","@id":"https:\/\/evolution2paysbasque.com\/#website","url":"https:\/\/evolution2paysbasque.com\/","name":"Activit\u00e9s et Sports Outdoor au Pays Basque","description":"","publisher":{"@id":"https:\/\/evolution2paysbasque.com\/#organization"},"potentialAction":[{"@type":"SearchAction","target":{"@type":"EntryPoint","urlTemplate":"https:\/\/evolution2paysbasque.com\/?s={search_term_string}"},"query-input":{"@type":"PropertyValueSpecification","valueRequired":true,"valueName":"search_term_string"}}],"inLanguage":"es"},{"@type":"Organization","@id":"https:\/\/evolution2paysbasque.com\/#organization","name":"Evolution 2 Pays Basque","url":"https:\/\/evolution2paysbasque.com\/","logo":{"@type":"ImageObject","inLanguage":"es","@id":"https:\/\/evolution2paysbasque.com\/#\/schema\/logo\/image\/","url":"https:\/\/evolution2paysbasque.com\/wp-content\/uploads\/2020\/06\/logo-evolution2-bas.png","contentUrl":"https:\/\/evolution2paysbasque.com\/wp-content\/uploads\/2020\/06\/logo-evolution2-bas.png","width":307,"height":80,"caption":"Evolution 2 Pays Basque"},"image":{"@id":"https:\/\/evolution2paysbasque.com\/#\/schema\/logo\/image\/"}}]}},"_links":{"self":[{"href":"https:\/\/evolution2paysbasque.com\/es\/wp-json\/wp\/v2\/pages\/545","targetHints":{"allow":["GET"]}}],"collection":[{"href":"https:\/\/evolution2paysbasque.com\/es\/wp-json\/wp\/v2\/pages"}],"about":[{"href":"https:\/\/evolution2paysbasque.com\/es\/wp-json\/wp\/v2\/types\/page"}],"author":[{"embeddable":true,"href":"https:\/\/evolution2paysbasque.com\/es\/wp-json\/wp\/v2\/users\/1"}],"replies":[{"embeddable":true,"href":"https:\/\/evolution2paysbasque.com\/es\/wp-json\/wp\/v2\/comments?post=545"}],"version-history":[{"count":1,"href":"https:\/\/evolution2paysbasque.com\/es\/wp-json\/wp\/v2\/pages\/545\/revisions"}],"predecessor-version":[{"id":2683,"href":"https:\/\/evolution2paysbasque.com\/es\/wp-json\/wp\/v2\/pages\/545\/revisions\/2683"}],"wp:attachment":[{"href":"https:\/\/evolution2paysbasque.com\/es\/wp-json\/wp\/v2\/media?parent=545"}],"curies":[{"name":"wp","href":"https:\/\/api.w.org\/{rel}","templated":true}]}}